{"id":9641,"date":"2026-01-28T08:44:13","date_gmt":"2026-01-28T08:44:13","guid":{"rendered":"https:\/\/engitech.az\/?post_type=product&#038;p=9641"},"modified":"2026-01-29T11:02:05","modified_gmt":"2026-01-29T11:02:05","slug":"ncp105","status":"publish","type":"product","link":"https:\/\/engitech.az\/en\/product\/ncp105\/","title":{"rendered":"NCP105"},"content":{"rendered":"<ul>\n<li data-start=\"2\" data-end=\"44\"><strong data-start=\"2\" data-end=\"10\" data-is-only-node=\"\">Type:<\/strong> 5-zonal\u0131 s\u0259s paylay\u0131c\u0131 \/ mikser<\/li>\n<li data-start=\"47\" data-end=\"75\"><strong data-start=\"47\" data-end=\"60\" data-is-only-node=\"\">Inputs:<\/strong> 5 \u00d7 Mic\/Line<\/li>\n<li data-start=\"78\" data-end=\"119\"><strong data-start=\"78\" data-end=\"91\" data-is-only-node=\"\">Speeches:<\/strong> 5 \u00d7 Line \/ zona \u00e7\u0131x\u0131\u015flar\u0131<\/li>\n<li data-start=\"122\" data-end=\"169\"><strong data-start=\"122\" data-end=\"136\" data-is-only-node=\"\">Management:<\/strong> \u00d6n panel gain v\u0259 zona n\u0259zar\u0259ti<\/li>\n<li data-start=\"172\" data-end=\"198\"><strong data-start=\"172\" data-end=\"187\" data-is-only-node=\"\">Installation:<\/strong> 19\u2033 rack<\/li>\n<li data-start=\"201\" data-end=\"258\"><strong data-start=\"201\" data-end=\"211\" data-is-only-node=\"\">Additional:<\/strong> \u00c7oxzona PA v\u0259 fon musiqi sisteml\u0259ri \u00fc\u00e7\u00fcn uy\u011fun<\/li>\n<\/ul>","protected":false},"excerpt":{"rendered":"<p>Tip: 5-zonal\u0131 s\u0259s paylay\u0131c\u0131 \/ mikser Giri\u015fl\u0259r: 5 \u00d7 Mic\/Line  [&#8230;]<\/p>","protected":false},"featured_media":9647,"comment_status":"open","ping_status":"closed","template":"","meta":[],"product_brand":[],"product_cat":[289],"product_tag":[],"class_list":{"0":"post-9641","1":"product","2":"type-product","3":"status-publish","4":"has-post-thumbnail","6":"product_cat-audac","7":"pa_mehsul-tipi-wall-plates","9":"first","10":"instock","11":"sold-individually","12":"shipping-taxable","13":"purchasable","14":"product-type-simple"},"_links":{"self":[{"href":"https:\/\/engitech.az\/en\/wp-json\/wp\/v2\/product\/9641","targetHints":{"allow":["GET"]}}],"collection":[{"href":"https:\/\/engitech.az\/en\/wp-json\/wp\/v2\/product"}],"about":[{"href":"https:\/\/engitech.az\/en\/wp-json\/wp\/v2\/types\/product"}],"replies":[{"embeddable":true,"href":"https:\/\/engitech.az\/en\/wp-json\/wp\/v2\/comments?post=9641"}],"wp:featuredmedia":[{"embeddable":true,"href":"https:\/\/engitech.az\/en\/wp-json\/wp\/v2\/media\/9647"}],"wp:attachment":[{"href":"https:\/\/engitech.az\/en\/wp-json\/wp\/v2\/media?parent=9641"}],"wp:term":[{"taxonomy":"product_brand","embeddable":true,"href":"https:\/\/engitech.az\/en\/wp-json\/wp\/v2\/product_brand?post=9641"},{"taxonomy":"product_cat","embeddable":true,"href":"https:\/\/engitech.az\/en\/wp-json\/wp\/v2\/product_cat?post=9641"},{"taxonomy":"product_tag","embeddable":true,"href":"https:\/\/engitech.az\/en\/wp-json\/wp\/v2\/product_tag?post=9641"}],"curies":[{"name":"wp","href":"https:\/\/api.w.org\/{rel}","templated":true}]}}