{"id":9648,"date":"2026-01-28T08:47:08","date_gmt":"2026-01-28T08:47:08","guid":{"rendered":"https:\/\/engitech.az\/?post_type=product&#038;p=9648"},"modified":"2026-01-29T11:02:31","modified_gmt":"2026-01-29T11:02:31","slug":"wp205","status":"publish","type":"product","link":"https:\/\/engitech.az\/en\/product\/wp205\/","title":{"rendered":"WP205"},"content":{"rendered":"<div class=\"flex flex-col text-sm\">\n<article class=\"text-token-text-primary w-full focus:outline-none [--shadow-height:45px] has-data-writing-block:pointer-events-none has-data-writing-block:-mt-(--shadow-height) has-data-writing-block:pt-(--shadow-height) [&amp;:has([data-writing-block])&gt;*]:pointer-events-auto scroll-mt-[calc(var(--header-height)+min(200px,max(70px,20svh)))]\" dir=\"auto\" tabindex=\"-1\" data-turn-id=\"request-WEB:59e0e6d3-6631-4eda-92fb-41db224453ef-32\" data-testid=\"conversation-turn-66\" data-scroll-anchor=\"true\" data-turn=\"assistant\">\n<div class=\"text-base my-auto mx-auto pb-10 [--thread-content-margin:--spacing(4)] @w-sm\/main:[--thread-content-margin:--spacing(6)] @w-lg\/main:[--thread-content-margin:--spacing(16)] px-(--thread-content-margin)\">\n<div class=\"[--thread-content-max-width:40rem] @w-lg\/main:[--thread-content-max-width:48rem] mx-auto max-w-(--thread-content-max-width) flex-1 group\/turn-messages focus-visible:outline-hidden relative flex w-full min-w-0 flex-col agent-turn\" tabindex=\"-1\">\n<div class=\"flex max-w-full flex-col grow\">\n<div class=\"min-h-8 text-message relative flex w-full flex-col items-end gap-2 text-start break-words whitespace-normal [.text-message+&amp;]:mt-1\" dir=\"auto\" data-message-author-role=\"assistant\" data-message-id=\"6ac51012-f55b-4a28-88f2-f90900e6c654\" data-message-model-slug=\"gpt-5-mini\">\n<div class=\"flex w-full flex-col gap-1 empty:hidden first:pt-[1px]\">\n<div class=\"markdown prose dark:prose-invert w-full wrap-break-word dark markdown-new-styling\">\n<ul>\n<li data-start=\"2\" data-end=\"55\"><strong data-start=\"2\" data-end=\"10\" data-is-only-node=\"\">Type:<\/strong> Divar montajl\u0131 zondlu mikrofon \/ mic panel<\/li>\n<li data-start=\"58\" data-end=\"81\"><strong data-start=\"58\" data-end=\"71\" data-is-only-node=\"\">Inputs:<\/strong> 2 \u00d7 Mic<\/li>\n<li data-start=\"84\" data-end=\"120\"><strong data-start=\"84\" data-end=\"97\" data-is-only-node=\"\">Speeches:<\/strong> Balansl\u0131 Line \u00e7\u0131x\u0131\u015f\u0131<\/li>\n<li data-start=\"123\" data-end=\"176\"><strong data-start=\"123\" data-end=\"137\" data-is-only-node=\"\">Management:<\/strong> Gain t\u0259nziml\u0259m\u0259si, prioritet d\u00fcym\u0259si<\/li>\n<li data-start=\"179\" data-end=\"209\"><strong data-start=\"179\" data-end=\"194\" data-is-only-node=\"\">Installation:<\/strong> Divar montaj<\/li>\n<li data-start=\"212\" data-end=\"271\"><strong data-start=\"212\" data-end=\"222\" data-is-only-node=\"\">Additional:<\/strong> PA sisteml\u0259ri \u00fc\u00e7\u00fcn prioritet v\u0259 lokal mic giri\u015fi<\/li>\n<\/ul>\n<\/div>\n<\/div>\n<\/div>\n<\/div>\n<div class=\"z-0 flex min-h-[46px] justify-start\"><\/div>\n<\/div>\n<\/div>\n<\/article>\n<\/div>\n<div class=\"pointer-events-none h-px w-px absolute bottom-0\" aria-hidden=\"true\" data-edge=\"true\"><\/div>","protected":false},"excerpt":{"rendered":"<p>Tip: Divar montajl\u0131 zondlu mikrofon \/ mic panel Giri\u015fl\u0259r: 2  [&#8230;]<\/p>","protected":false},"featured_media":9649,"comment_status":"open","ping_status":"closed","template":"","meta":[],"product_brand":[],"product_cat":[289],"product_tag":[],"class_list":{"0":"post-9648","1":"product","2":"type-product","3":"status-publish","4":"has-post-thumbnail","6":"product_cat-audac","7":"pa_mehsul-tipi-wall-plates","9":"first","10":"instock","11":"sold-individually","12":"shipping-taxable","13":"purchasable","14":"product-type-simple"},"_links":{"self":[{"href":"https:\/\/engitech.az\/en\/wp-json\/wp\/v2\/product\/9648","targetHints":{"allow":["GET"]}}],"collection":[{"href":"https:\/\/engitech.az\/en\/wp-json\/wp\/v2\/product"}],"about":[{"href":"https:\/\/engitech.az\/en\/wp-json\/wp\/v2\/types\/product"}],"replies":[{"embeddable":true,"href":"https:\/\/engitech.az\/en\/wp-json\/wp\/v2\/comments?post=9648"}],"wp:featuredmedia":[{"embeddable":true,"href":"https:\/\/engitech.az\/en\/wp-json\/wp\/v2\/media\/9649"}],"wp:attachment":[{"href":"https:\/\/engitech.az\/en\/wp-json\/wp\/v2\/media?parent=9648"}],"wp:term":[{"taxonomy":"product_brand","embeddable":true,"href":"https:\/\/engitech.az\/en\/wp-json\/wp\/v2\/product_brand?post=9648"},{"taxonomy":"product_cat","embeddable":true,"href":"https:\/\/engitech.az\/en\/wp-json\/wp\/v2\/product_cat?post=9648"},{"taxonomy":"product_tag","embeddable":true,"href":"https:\/\/engitech.az\/en\/wp-json\/wp\/v2\/product_tag?post=9648"}],"curies":[{"name":"wp","href":"https:\/\/api.w.org\/{rel}","templated":true}]}}