{"id":9650,"date":"2026-01-28T08:50:08","date_gmt":"2026-01-28T08:50:08","guid":{"rendered":"https:\/\/engitech.az\/?post_type=product&#038;p=9650"},"modified":"2026-01-29T11:02:47","modified_gmt":"2026-01-29T11:02:47","slug":"wp220","status":"publish","type":"product","link":"https:\/\/engitech.az\/en\/product\/wp220\/","title":{"rendered":"WP220"},"content":{"rendered":"<ul>\n<li data-start=\"2\" data-end=\"55\"><strong data-start=\"2\" data-end=\"10\" data-is-only-node=\"\">Type:<\/strong> Divar montajl\u0131 zondlu mikrofon \/ mic panel<\/li>\n<li data-start=\"58\" data-end=\"81\"><strong data-start=\"58\" data-end=\"71\" data-is-only-node=\"\">Inputs:<\/strong> 2 \u00d7 Mic<\/li>\n<li data-start=\"84\" data-end=\"120\"><strong data-start=\"84\" data-end=\"97\" data-is-only-node=\"\">Speeches:<\/strong> Balansl\u0131 Line \u00e7\u0131x\u0131\u015f\u0131<\/li>\n<li data-start=\"123\" data-end=\"179\"><strong data-start=\"123\" data-end=\"137\" data-is-only-node=\"\">Management:<\/strong> Gain t\u0259nziml\u0259m\u0259si, prioritet funksiyas\u0131<\/li>\n<li data-start=\"182\" data-end=\"212\"><strong data-start=\"182\" data-end=\"197\" data-is-only-node=\"\">Installation:<\/strong> Divar montaj<\/li>\n<li data-start=\"215\" data-end=\"267\"><strong data-start=\"215\" data-end=\"225\" data-is-only-node=\"\">Additional:<\/strong> PA v\u0259 fon musiqi sisteml\u0259ri \u00fc\u00e7\u00fcn uy\u011fundur<\/li>\n<\/ul>","protected":false},"excerpt":{"rendered":"<p>Tip: Divar montajl\u0131 zondlu mikrofon \/ mic panel Giri\u015fl\u0259r: 2  [&#8230;]<\/p>","protected":false},"featured_media":9652,"comment_status":"open","ping_status":"closed","template":"","meta":[],"product_brand":[],"product_cat":[289],"product_tag":[],"class_list":{"0":"post-9650","1":"product","2":"type-product","3":"status-publish","4":"has-post-thumbnail","6":"product_cat-audac","7":"pa_mehsul-tipi-wall-plates","9":"first","10":"instock","11":"sold-individually","12":"shipping-taxable","13":"purchasable","14":"product-type-simple"},"_links":{"self":[{"href":"https:\/\/engitech.az\/en\/wp-json\/wp\/v2\/product\/9650","targetHints":{"allow":["GET"]}}],"collection":[{"href":"https:\/\/engitech.az\/en\/wp-json\/wp\/v2\/product"}],"about":[{"href":"https:\/\/engitech.az\/en\/wp-json\/wp\/v2\/types\/product"}],"replies":[{"embeddable":true,"href":"https:\/\/engitech.az\/en\/wp-json\/wp\/v2\/comments?post=9650"}],"wp:featuredmedia":[{"embeddable":true,"href":"https:\/\/engitech.az\/en\/wp-json\/wp\/v2\/media\/9652"}],"wp:attachment":[{"href":"https:\/\/engitech.az\/en\/wp-json\/wp\/v2\/media?parent=9650"}],"wp:term":[{"taxonomy":"product_brand","embeddable":true,"href":"https:\/\/engitech.az\/en\/wp-json\/wp\/v2\/product_brand?post=9650"},{"taxonomy":"product_cat","embeddable":true,"href":"https:\/\/engitech.az\/en\/wp-json\/wp\/v2\/product_cat?post=9650"},{"taxonomy":"product_tag","embeddable":true,"href":"https:\/\/engitech.az\/en\/wp-json\/wp\/v2\/product_tag?post=9650"}],"curies":[{"name":"wp","href":"https:\/\/api.w.org\/{rel}","templated":true}]}}