{"id":9660,"date":"2026-01-28T08:57:00","date_gmt":"2026-01-28T08:57:00","guid":{"rendered":"https:\/\/engitech.az\/?post_type=product&#038;p=9660"},"modified":"2026-01-29T10:15:05","modified_gmt":"2026-01-29T10:15:05","slug":"nio204","status":"publish","type":"product","link":"https:\/\/engitech.az\/en\/product\/nio204\/","title":{"rendered":"NIO204"},"content":{"rendered":"<ul>\n<li data-start=\"2\" data-end=\"42\"><strong data-start=\"2\" data-end=\"10\" data-is-only-node=\"\">Type:<\/strong> 2-zonal\u0131 audio m\u0259nb\u0259 \/ mikser<\/li>\n<li data-start=\"45\" data-end=\"73\"><strong data-start=\"45\" data-end=\"58\" data-is-only-node=\"\">Inputs:<\/strong> 2 \u00d7 Mic\/Line<\/li>\n<li data-start=\"76\" data-end=\"117\"><strong data-start=\"76\" data-end=\"89\" data-is-only-node=\"\">Speeches:<\/strong> 2 \u00d7 Line \/ zona \u00e7\u0131x\u0131\u015flar\u0131<\/li>\n<li data-start=\"120\" data-end=\"167\"><strong data-start=\"120\" data-end=\"134\" data-is-only-node=\"\">Management:<\/strong> \u00d6n panel gain v\u0259 zona n\u0259zar\u0259ti<\/li>\n<li data-start=\"170\" data-end=\"196\"><strong data-start=\"170\" data-end=\"185\" data-is-only-node=\"\">Installation:<\/strong> 19\u2033 rack<\/li>\n<li data-start=\"199\" data-end=\"251\"><strong data-start=\"199\" data-end=\"209\" data-is-only-node=\"\">Additional:<\/strong> Ki\u00e7ik v\u0259 orta PA sisteml\u0259ri \u00fc\u00e7\u00fcn uy\u011fundur<\/li>\n<\/ul>","protected":false},"excerpt":{"rendered":"<p>Tip: 2-zonal\u0131 audio m\u0259nb\u0259 \/ mikser Giri\u015fl\u0259r: 2 \u00d7 Mic\/Line  [&#8230;]<\/p>","protected":false},"featured_media":9661,"comment_status":"open","ping_status":"closed","template":"","meta":[],"product_brand":[],"product_cat":[289],"product_tag":[],"class_list":{"0":"post-9660","1":"product","2":"type-product","3":"status-publish","4":"has-post-thumbnail","6":"product_cat-audac","7":"pa_mehsul-tipi-solution-boxes","9":"first","10":"instock","11":"sold-individually","12":"shipping-taxable","13":"purchasable","14":"product-type-simple"},"_links":{"self":[{"href":"https:\/\/engitech.az\/en\/wp-json\/wp\/v2\/product\/9660","targetHints":{"allow":["GET"]}}],"collection":[{"href":"https:\/\/engitech.az\/en\/wp-json\/wp\/v2\/product"}],"about":[{"href":"https:\/\/engitech.az\/en\/wp-json\/wp\/v2\/types\/product"}],"replies":[{"embeddable":true,"href":"https:\/\/engitech.az\/en\/wp-json\/wp\/v2\/comments?post=9660"}],"wp:featuredmedia":[{"embeddable":true,"href":"https:\/\/engitech.az\/en\/wp-json\/wp\/v2\/media\/9661"}],"wp:attachment":[{"href":"https:\/\/engitech.az\/en\/wp-json\/wp\/v2\/media?parent=9660"}],"wp:term":[{"taxonomy":"product_brand","embeddable":true,"href":"https:\/\/engitech.az\/en\/wp-json\/wp\/v2\/product_brand?post=9660"},{"taxonomy":"product_cat","embeddable":true,"href":"https:\/\/engitech.az\/en\/wp-json\/wp\/v2\/product_cat?post=9660"},{"taxonomy":"product_tag","embeddable":true,"href":"https:\/\/engitech.az\/en\/wp-json\/wp\/v2\/product_tag?post=9660"}],"curies":[{"name":"wp","href":"https:\/\/api.w.org\/{rel}","templated":true}]}}