{"id":9666,"date":"2026-01-28T10:48:24","date_gmt":"2026-01-28T10:48:24","guid":{"rendered":"https:\/\/engitech.az\/?post_type=product&#038;p=9666"},"modified":"2026-01-29T10:17:39","modified_gmt":"2026-01-29T10:17:39","slug":"apg20","status":"publish","type":"product","link":"https:\/\/engitech.az\/en\/product\/apg20\/","title":{"rendered":"APG20"},"content":{"rendered":"<ul>\n<li data-start=\"2\" data-end=\"48\"><strong data-start=\"2\" data-end=\"10\" data-is-only-node=\"\">Type:<\/strong> Divar montajl\u0131 audio kontrol paneli<\/li>\n<li data-start=\"51\" data-end=\"81\"><strong data-start=\"51\" data-end=\"64\" data-is-only-node=\"\">Inputs:<\/strong> 1 \u00d7 Mic \/ Line<\/li>\n<li data-start=\"84\" data-end=\"113\"><strong data-start=\"84\" data-end=\"97\" data-is-only-node=\"\">Speeches:<\/strong> Balansl\u0131 Line<\/li>\n<li data-start=\"116\" data-end=\"170\"><strong data-start=\"116\" data-end=\"130\" data-is-only-node=\"\">Management:<\/strong> S\u0259s s\u0259viyy\u0259si v\u0259 prioritet funksiyas\u0131<\/li>\n<li data-start=\"173\" data-end=\"203\"><strong data-start=\"173\" data-end=\"188\" data-is-only-node=\"\">Installation:<\/strong> Divar montaj<\/li>\n<li data-start=\"206\" data-end=\"264\"><strong data-start=\"206\" data-end=\"216\" data-is-only-node=\"\">Additional:<\/strong> Ki\u00e7ik PA v\u0259 fon musiqi sisteml\u0259ri \u00fc\u00e7\u00fcn uy\u011fundur<\/li>\n<\/ul>","protected":false},"excerpt":{"rendered":"<p>Tip: Divar montajl\u0131 audio kontrol paneli Giri\u015fl\u0259r: 1 \u00d7 Mic  [&#8230;]<\/p>","protected":false},"featured_media":9667,"comment_status":"open","ping_status":"closed","template":"","meta":[],"product_brand":[],"product_cat":[289],"product_tag":[],"class_list":{"0":"post-9666","1":"product","2":"type-product","3":"status-publish","4":"has-post-thumbnail","6":"product_cat-audac","7":"pa_mehsul-tipi-solution-boxes","9":"first","10":"instock","11":"sold-individually","12":"shipping-taxable","13":"purchasable","14":"product-type-simple"},"_links":{"self":[{"href":"https:\/\/engitech.az\/en\/wp-json\/wp\/v2\/product\/9666","targetHints":{"allow":["GET"]}}],"collection":[{"href":"https:\/\/engitech.az\/en\/wp-json\/wp\/v2\/product"}],"about":[{"href":"https:\/\/engitech.az\/en\/wp-json\/wp\/v2\/types\/product"}],"replies":[{"embeddable":true,"href":"https:\/\/engitech.az\/en\/wp-json\/wp\/v2\/comments?post=9666"}],"wp:featuredmedia":[{"embeddable":true,"href":"https:\/\/engitech.az\/en\/wp-json\/wp\/v2\/media\/9667"}],"wp:attachment":[{"href":"https:\/\/engitech.az\/en\/wp-json\/wp\/v2\/media?parent=9666"}],"wp:term":[{"taxonomy":"product_brand","embeddable":true,"href":"https:\/\/engitech.az\/en\/wp-json\/wp\/v2\/product_brand?post=9666"},{"taxonomy":"product_cat","embeddable":true,"href":"https:\/\/engitech.az\/en\/wp-json\/wp\/v2\/product_cat?post=9666"},{"taxonomy":"product_tag","embeddable":true,"href":"https:\/\/engitech.az\/en\/wp-json\/wp\/v2\/product_tag?post=9666"}],"curies":[{"name":"wp","href":"https:\/\/api.w.org\/{rel}","templated":true}]}}