{"id":9668,"date":"2026-01-28T10:50:24","date_gmt":"2026-01-28T10:50:24","guid":{"rendered":"https:\/\/engitech.az\/?post_type=product&#038;p=9668"},"modified":"2026-01-29T10:18:02","modified_gmt":"2026-01-29T10:18:02","slug":"higher","status":"publish","type":"product","link":"https:\/\/engitech.az\/en\/product\/higher\/","title":{"rendered":"HIGH"},"content":{"rendered":"<ul>\n<li data-start=\"2\" data-end=\"52\"><strong data-start=\"2\" data-end=\"10\" data-is-only-node=\"\">Type:<\/strong> Akustik line input (audio m\u0259nb\u0259 modulu)<\/li>\n<li data-start=\"55\" data-end=\"96\"><strong data-start=\"55\" data-end=\"68\" data-is-only-node=\"\">Inputs:<\/strong> Balansl\u0131 \/ balanss\u0131z Line<\/li>\n<li data-start=\"99\" data-end=\"165\"><strong data-start=\"99\" data-end=\"112\" data-is-only-node=\"\">Speeches:<\/strong> Audio \u015f\u0259b\u0259k\u0259sin\u0259 \u00e7\u0131x\u0131\u015f (MFA \/ NIO sisteml\u0259ri \u00fc\u00e7\u00fcn)<\/li>\n<li data-start=\"168\" data-end=\"202\"><strong data-start=\"168\" data-end=\"182\" data-is-only-node=\"\">Management:<\/strong> Gain t\u0259nziml\u0259m\u0259si<\/li>\n<li data-start=\"205\" data-end=\"244\"><strong data-start=\"205\" data-end=\"220\" data-is-only-node=\"\">Installation:<\/strong> Rack v\u0259 ya modul slot<\/li>\n<li data-start=\"247\" data-end=\"333\"><strong data-start=\"247\" data-end=\"257\" data-is-only-node=\"\">Additional:<\/strong> SourceCon\u2122 v\u0259 ya dig\u0259r AUDAC modullar\u0131 il\u0259 inteqrasiya \u00fc\u00e7\u00fcn n\u0259z\u0259rd\u0259 tutulub<\/li>\n<\/ul>","protected":false},"excerpt":{"rendered":"<p>Tip: Akustik line input (audio m\u0259nb\u0259 modulu) Giri\u015fl\u0259r: Balansl\u0131 \/  [&#8230;]<\/p>","protected":false},"featured_media":9669,"comment_status":"open","ping_status":"closed","template":"","meta":[],"product_brand":[],"product_cat":[289],"product_tag":[],"class_list":{"0":"post-9668","1":"product","2":"type-product","3":"status-publish","4":"has-post-thumbnail","6":"product_cat-audac","7":"pa_mehsul-tipi-solution-boxes","9":"first","10":"instock","11":"sold-individually","12":"shipping-taxable","13":"purchasable","14":"product-type-simple"},"_links":{"self":[{"href":"https:\/\/engitech.az\/en\/wp-json\/wp\/v2\/product\/9668","targetHints":{"allow":["GET"]}}],"collection":[{"href":"https:\/\/engitech.az\/en\/wp-json\/wp\/v2\/product"}],"about":[{"href":"https:\/\/engitech.az\/en\/wp-json\/wp\/v2\/types\/product"}],"replies":[{"embeddable":true,"href":"https:\/\/engitech.az\/en\/wp-json\/wp\/v2\/comments?post=9668"}],"wp:featuredmedia":[{"embeddable":true,"href":"https:\/\/engitech.az\/en\/wp-json\/wp\/v2\/media\/9669"}],"wp:attachment":[{"href":"https:\/\/engitech.az\/en\/wp-json\/wp\/v2\/media?parent=9668"}],"wp:term":[{"taxonomy":"product_brand","embeddable":true,"href":"https:\/\/engitech.az\/en\/wp-json\/wp\/v2\/product_brand?post=9668"},{"taxonomy":"product_cat","embeddable":true,"href":"https:\/\/engitech.az\/en\/wp-json\/wp\/v2\/product_cat?post=9668"},{"taxonomy":"product_tag","embeddable":true,"href":"https:\/\/engitech.az\/en\/wp-json\/wp\/v2\/product_tag?post=9668"}],"curies":[{"name":"wp","href":"https:\/\/api.w.org\/{rel}","templated":true}]}}