{"id":9670,"date":"2026-01-28T10:52:58","date_gmt":"2026-01-28T10:52:58","guid":{"rendered":"https:\/\/engitech.az\/?post_type=product&#038;p=9670"},"modified":"2026-01-29T10:18:48","modified_gmt":"2026-01-29T10:18:48","slug":"atu44","status":"publish","type":"product","link":"https:\/\/engitech.az\/en\/product\/atu44\/","title":{"rendered":"ATU44"},"content":{"rendered":"<ul>\n<li data-start=\"2\" data-end=\"49\"><strong data-start=\"2\" data-end=\"10\" data-is-only-node=\"\">Type:<\/strong> 4-kanall\u0131 audio m\u0259nb\u0259 \/ zondlu modul<\/li>\n<li data-start=\"52\" data-end=\"82\"><strong data-start=\"52\" data-end=\"65\" data-is-only-node=\"\">Inputs:<\/strong> 4 \u00d7 Mic \/ Line<\/li>\n<li data-start=\"85\" data-end=\"124\"><strong data-start=\"85\" data-end=\"98\" data-is-only-node=\"\">Speeches:<\/strong> Balansl\u0131 Line \u00e7\u0131x\u0131\u015flar\u0131<\/li>\n<li data-start=\"127\" data-end=\"170\"><strong data-start=\"127\" data-end=\"141\" data-is-only-node=\"\">Management:<\/strong> Gain v\u0259 prioritet n\u0259zar\u0259ti<\/li>\n<li data-start=\"173\" data-end=\"220\"><strong data-start=\"173\" data-end=\"188\" data-is-only-node=\"\">Installation:<\/strong> Rack \/ SourceCon\u2122 modul slotu<\/li>\n<li data-start=\"223\" data-end=\"283\"><strong data-start=\"223\" data-end=\"233\" data-is-only-node=\"\">Additional:<\/strong> \u00c7oxzona PA v\u0259 fon musiqi sisteml\u0259ri \u00fc\u00e7\u00fcn uy\u011fundur<\/li>\n<\/ul>","protected":false},"excerpt":{"rendered":"<p>Tip: 4-kanall\u0131 audio m\u0259nb\u0259 \/ zondlu modul Giri\u015fl\u0259r: 4 \u00d7  [&#8230;]<\/p>","protected":false},"featured_media":9671,"comment_status":"open","ping_status":"closed","template":"","meta":[],"product_brand":[],"product_cat":[289],"product_tag":[],"class_list":{"0":"post-9670","1":"product","2":"type-product","3":"status-publish","4":"has-post-thumbnail","6":"product_cat-audac","7":"pa_mehsul-tipi-solution-boxes","9":"first","10":"instock","11":"sold-individually","12":"shipping-taxable","13":"purchasable","14":"product-type-simple"},"_links":{"self":[{"href":"https:\/\/engitech.az\/en\/wp-json\/wp\/v2\/product\/9670","targetHints":{"allow":["GET"]}}],"collection":[{"href":"https:\/\/engitech.az\/en\/wp-json\/wp\/v2\/product"}],"about":[{"href":"https:\/\/engitech.az\/en\/wp-json\/wp\/v2\/types\/product"}],"replies":[{"embeddable":true,"href":"https:\/\/engitech.az\/en\/wp-json\/wp\/v2\/comments?post=9670"}],"wp:featuredmedia":[{"embeddable":true,"href":"https:\/\/engitech.az\/en\/wp-json\/wp\/v2\/media\/9671"}],"wp:attachment":[{"href":"https:\/\/engitech.az\/en\/wp-json\/wp\/v2\/media?parent=9670"}],"wp:term":[{"taxonomy":"product_brand","embeddable":true,"href":"https:\/\/engitech.az\/en\/wp-json\/wp\/v2\/product_brand?post=9670"},{"taxonomy":"product_cat","embeddable":true,"href":"https:\/\/engitech.az\/en\/wp-json\/wp\/v2\/product_cat?post=9670"},{"taxonomy":"product_tag","embeddable":true,"href":"https:\/\/engitech.az\/en\/wp-json\/wp\/v2\/product_tag?post=9670"}],"curies":[{"name":"wp","href":"https:\/\/api.w.org\/{rel}","templated":true}]}}