{"id":9674,"date":"2026-01-28T11:40:14","date_gmt":"2026-01-28T11:40:14","guid":{"rendered":"https:\/\/engitech.az\/?post_type=product&#038;p=9674"},"modified":"2026-01-29T10:29:59","modified_gmt":"2026-01-29T10:29:59","slug":"apm101","status":"publish","type":"product","link":"https:\/\/engitech.az\/en\/product\/apm101\/","title":{"rendered":"APM101"},"content":{"rendered":"<ul>\n<li data-start=\"2\" data-end=\"50\"><strong data-start=\"2\" data-end=\"10\" data-is-only-node=\"\">Type:<\/strong> 1-kanall\u0131 audio m\u0259nb\u0259 \/ mikser modulu<\/li>\n<li data-start=\"53\" data-end=\"83\"><strong data-start=\"53\" data-end=\"66\" data-is-only-node=\"\">Inputs:<\/strong> 1 \u00d7 Mic \/ Line<\/li>\n<li data-start=\"86\" data-end=\"115\"><strong data-start=\"86\" data-end=\"99\" data-is-only-node=\"\">Speeches:<\/strong> Balansl\u0131 Line<\/li>\n<li data-start=\"118\" data-end=\"163\"><strong data-start=\"118\" data-end=\"132\" data-is-only-node=\"\">Management:<\/strong> Gain v\u0259 s\u0259viyy\u0259 t\u0259nziml\u0259m\u0259si<\/li>\n<li data-start=\"166\" data-end=\"213\"><strong data-start=\"166\" data-end=\"181\" data-is-only-node=\"\">Installation:<\/strong> Rack \/ SourceCon\u2122 modul slotu<\/li>\n<li data-start=\"216\" data-end=\"274\"><strong data-start=\"216\" data-end=\"226\" data-is-only-node=\"\">Additional:<\/strong> Ki\u00e7ik PA v\u0259 fon musiqi sisteml\u0259ri \u00fc\u00e7\u00fcn uy\u011fundur<\/li>\n<\/ul>","protected":false},"excerpt":{"rendered":"<p>Tip: 1-kanall\u0131 audio m\u0259nb\u0259 \/ mikser modulu Giri\u015fl\u0259r: 1 \u00d7  [&#8230;]<\/p>","protected":false},"featured_media":9680,"comment_status":"open","ping_status":"closed","template":"","meta":[],"product_brand":[],"product_cat":[289],"product_tag":[],"class_list":{"0":"post-9674","1":"product","2":"type-product","3":"status-publish","4":"has-post-thumbnail","6":"product_cat-audac","7":"pa_mehsul-tipi-paging-microphone","9":"first","10":"instock","11":"sold-individually","12":"shipping-taxable","13":"purchasable","14":"product-type-simple"},"_links":{"self":[{"href":"https:\/\/engitech.az\/en\/wp-json\/wp\/v2\/product\/9674","targetHints":{"allow":["GET"]}}],"collection":[{"href":"https:\/\/engitech.az\/en\/wp-json\/wp\/v2\/product"}],"about":[{"href":"https:\/\/engitech.az\/en\/wp-json\/wp\/v2\/types\/product"}],"replies":[{"embeddable":true,"href":"https:\/\/engitech.az\/en\/wp-json\/wp\/v2\/comments?post=9674"}],"wp:featuredmedia":[{"embeddable":true,"href":"https:\/\/engitech.az\/en\/wp-json\/wp\/v2\/media\/9680"}],"wp:attachment":[{"href":"https:\/\/engitech.az\/en\/wp-json\/wp\/v2\/media?parent=9674"}],"wp:term":[{"taxonomy":"product_brand","embeddable":true,"href":"https:\/\/engitech.az\/en\/wp-json\/wp\/v2\/product_brand?post=9674"},{"taxonomy":"product_cat","embeddable":true,"href":"https:\/\/engitech.az\/en\/wp-json\/wp\/v2\/product_cat?post=9674"},{"taxonomy":"product_tag","embeddable":true,"href":"https:\/\/engitech.az\/en\/wp-json\/wp\/v2\/product_tag?post=9674"}],"curies":[{"name":"wp","href":"https:\/\/api.w.org\/{rel}","templated":true}]}}