{"id":9687,"date":"2026-01-28T12:35:55","date_gmt":"2026-01-28T12:35:55","guid":{"rendered":"https:\/\/engitech.az\/?post_type=product&#038;p=9687"},"modified":"2026-01-29T10:33:35","modified_gmt":"2026-01-29T10:33:35","slug":"mpx48","status":"publish","type":"product","link":"https:\/\/engitech.az\/en\/product\/mpx48\/","title":{"rendered":"MPX48"},"content":{"rendered":"<ul>\n<li data-start=\"2\" data-end=\"32\"><strong data-start=\"2\" data-end=\"10\" data-is-only-node=\"\">Type:<\/strong> Audio matrix mikser<\/li>\n<li data-start=\"35\" data-end=\"65\"><strong data-start=\"35\" data-end=\"48\" data-is-only-node=\"\">Inputs:<\/strong> 4 \u00d7 Mic \/ Line<\/li>\n<li data-start=\"68\" data-end=\"101\"><strong data-start=\"68\" data-end=\"81\" data-is-only-node=\"\">Speeches:<\/strong> 8 \u00d7 Balansl\u0131 Line<\/li>\n<li data-start=\"104\" data-end=\"158\"><strong data-start=\"104\" data-end=\"118\" data-is-only-node=\"\">Management:<\/strong> Gain, routing v\u0259 s\u0259viyy\u0259 t\u0259nziml\u0259m\u0259si<\/li>\n<li data-start=\"161\" data-end=\"187\"><strong data-start=\"161\" data-end=\"176\" data-is-only-node=\"\">Installation:<\/strong> 19\u2033 rack<\/li>\n<li data-start=\"190\" data-end=\"247\"><strong data-start=\"190\" data-end=\"200\" data-is-only-node=\"\">Additional:<\/strong> \u00c7oxzona PA v\u0259 fon musiqi sisteml\u0259ri \u00fc\u00e7\u00fcn uy\u011fun<\/li>\n<\/ul>","protected":false},"excerpt":{"rendered":"<p>Tip: Audio matrix mikser Giri\u015fl\u0259r: 4 \u00d7 Mic \/ Line  [&#8230;]<\/p>","protected":false},"featured_media":9688,"comment_status":"open","ping_status":"closed","template":"","meta":[],"product_brand":[],"product_cat":[289],"product_tag":[],"class_list":{"0":"post-9687","1":"product","2":"type-product","3":"status-publish","4":"has-post-thumbnail","6":"product_cat-audac","7":"pa_mehsul-tipi-paging-microphone","9":"first","10":"instock","11":"sold-individually","12":"shipping-taxable","13":"purchasable","14":"product-type-simple"},"_links":{"self":[{"href":"https:\/\/engitech.az\/en\/wp-json\/wp\/v2\/product\/9687","targetHints":{"allow":["GET"]}}],"collection":[{"href":"https:\/\/engitech.az\/en\/wp-json\/wp\/v2\/product"}],"about":[{"href":"https:\/\/engitech.az\/en\/wp-json\/wp\/v2\/types\/product"}],"replies":[{"embeddable":true,"href":"https:\/\/engitech.az\/en\/wp-json\/wp\/v2\/comments?post=9687"}],"wp:featuredmedia":[{"embeddable":true,"href":"https:\/\/engitech.az\/en\/wp-json\/wp\/v2\/media\/9688"}],"wp:attachment":[{"href":"https:\/\/engitech.az\/en\/wp-json\/wp\/v2\/media?parent=9687"}],"wp:term":[{"taxonomy":"product_brand","embeddable":true,"href":"https:\/\/engitech.az\/en\/wp-json\/wp\/v2\/product_brand?post=9687"},{"taxonomy":"product_cat","embeddable":true,"href":"https:\/\/engitech.az\/en\/wp-json\/wp\/v2\/product_cat?post=9687"},{"taxonomy":"product_tag","embeddable":true,"href":"https:\/\/engitech.az\/en\/wp-json\/wp\/v2\/product_tag?post=9687"}],"curies":[{"name":"wp","href":"https:\/\/api.w.org\/{rel}","templated":true}]}}