{"id":9691,"date":"2026-01-29T06:56:25","date_gmt":"2026-01-29T06:56:25","guid":{"rendered":"https:\/\/engitech.az\/?post_type=product&#038;p=9691"},"modified":"2026-01-29T10:58:09","modified_gmt":"2026-01-29T10:58:09","slug":"cmx826","status":"publish","type":"product","link":"https:\/\/engitech.az\/en\/product\/cmx826\/","title":{"rendered":"CMX826"},"content":{"rendered":"<ul>\n<li data-start=\"2\" data-end=\"32\"><strong data-start=\"2\" data-end=\"10\">Type:<\/strong> Audio matrix mikser<\/li>\n<li data-start=\"35\" data-end=\"65\"><strong data-start=\"35\" data-end=\"48\">Inputs:<\/strong> 8 \u00d7 Mic \/ Line<\/li>\n<li data-start=\"68\" data-end=\"101\"><strong data-start=\"68\" data-end=\"81\">Speeches:<\/strong> 2 \u00d7 Balansl\u0131 Line<\/li>\n<li data-start=\"104\" data-end=\"154\"><strong data-start=\"104\" data-end=\"118\">Management:<\/strong> Gain, routing v\u0259 s\u0259viyy\u0259 n\u0259zar\u0259ti<\/li>\n<li data-start=\"157\" data-end=\"183\"><strong data-start=\"157\" data-end=\"172\">Installation:<\/strong> 19\u2033 rack<\/li>\n<li data-start=\"186\" data-end=\"235\"><strong data-start=\"186\" data-end=\"196\">Additional:<\/strong> PA v\u0259 fon musiqi sisteml\u0259ri \u00fc\u00e7\u00fcn uy\u011fun<\/li>\n<\/ul>","protected":false},"excerpt":{"rendered":"<p>Tip: Audio matrix mikser Giri\u015fl\u0259r: 8 \u00d7 Mic \/ Line  [&#8230;]<\/p>","protected":false},"featured_media":9692,"comment_status":"open","ping_status":"closed","template":"","meta":[],"product_brand":[],"product_cat":[289],"product_tag":[],"class_list":{"0":"post-9691","1":"product","2":"type-product","3":"status-publish","4":"has-post-thumbnail","6":"product_cat-audac","7":"pa_mehsul-tipi-paging-microphone","9":"first","10":"instock","11":"sold-individually","12":"shipping-taxable","13":"purchasable","14":"product-type-simple"},"_links":{"self":[{"href":"https:\/\/engitech.az\/en\/wp-json\/wp\/v2\/product\/9691","targetHints":{"allow":["GET"]}}],"collection":[{"href":"https:\/\/engitech.az\/en\/wp-json\/wp\/v2\/product"}],"about":[{"href":"https:\/\/engitech.az\/en\/wp-json\/wp\/v2\/types\/product"}],"replies":[{"embeddable":true,"href":"https:\/\/engitech.az\/en\/wp-json\/wp\/v2\/comments?post=9691"}],"wp:featuredmedia":[{"embeddable":true,"href":"https:\/\/engitech.az\/en\/wp-json\/wp\/v2\/media\/9692"}],"wp:attachment":[{"href":"https:\/\/engitech.az\/en\/wp-json\/wp\/v2\/media?parent=9691"}],"wp:term":[{"taxonomy":"product_brand","embeddable":true,"href":"https:\/\/engitech.az\/en\/wp-json\/wp\/v2\/product_brand?post=9691"},{"taxonomy":"product_cat","embeddable":true,"href":"https:\/\/engitech.az\/en\/wp-json\/wp\/v2\/product_cat?post=9691"},{"taxonomy":"product_tag","embeddable":true,"href":"https:\/\/engitech.az\/en\/wp-json\/wp\/v2\/product_tag?post=9691"}],"curies":[{"name":"wp","href":"https:\/\/api.w.org\/{rel}","templated":true}]}}