{"id":9693,"date":"2026-01-29T06:57:58","date_gmt":"2026-01-29T06:57:58","guid":{"rendered":"https:\/\/engitech.az\/?post_type=product&#038;p=9693"},"modified":"2026-01-29T10:58:25","modified_gmt":"2026-01-29T10:58:25","slug":"cmx726","status":"publish","type":"product","link":"https:\/\/engitech.az\/en\/product\/cmx726\/","title":{"rendered":"CMX726"},"content":{"rendered":"<div class=\"flex flex-col text-sm pb-25\">\n<article class=\"text-token-text-primary w-full focus:outline-none [--shadow-height:45px] has-data-writing-block:pointer-events-none has-data-writing-block:-mt-(--shadow-height) has-data-writing-block:pt-(--shadow-height) [&amp;:has([data-writing-block])&gt;*]:pointer-events-auto scroll-mt-[calc(var(--header-height)+min(200px,max(70px,20svh)))]\" dir=\"auto\" tabindex=\"-1\" data-turn-id=\"request-WEB:59e0e6d3-6631-4eda-92fb-41db224453ef-49\" data-testid=\"conversation-turn-100\" data-scroll-anchor=\"true\" data-turn=\"assistant\">\n<div class=\"text-base my-auto mx-auto pb-10 [--thread-content-margin:--spacing(4)] @w-sm\/main:[--thread-content-margin:--spacing(6)] @w-lg\/main:[--thread-content-margin:--spacing(16)] px-(--thread-content-margin)\">\n<div class=\"[--thread-content-max-width:40rem] @w-lg\/main:[--thread-content-max-width:48rem] mx-auto max-w-(--thread-content-max-width) flex-1 group\/turn-messages focus-visible:outline-hidden relative flex w-full min-w-0 flex-col agent-turn\" tabindex=\"-1\">\n<div class=\"flex max-w-full flex-col grow\">\n<div class=\"min-h-8 text-message relative flex w-full flex-col items-end gap-2 text-start break-words whitespace-normal [.text-message+&amp;]:mt-1\" dir=\"auto\" data-message-author-role=\"assistant\" data-message-id=\"67f5ee9b-e24f-4d80-ac0b-d7a6d22df510\" data-message-model-slug=\"gpt-5-2\">\n<div class=\"flex w-full flex-col gap-1 empty:hidden first:pt-[1px]\">\n<div class=\"markdown prose dark:prose-invert w-full wrap-break-word dark markdown-new-styling\">\n<ul>\n<li data-start=\"2\" data-end=\"32\"><strong data-start=\"2\" data-end=\"10\">Type:<\/strong> Audio matrix mikser<\/li>\n<li data-start=\"35\" data-end=\"65\"><strong data-start=\"35\" data-end=\"48\">Inputs:<\/strong> 6 \u00d7 Mic \/ Line<\/li>\n<li data-start=\"68\" data-end=\"101\"><strong data-start=\"68\" data-end=\"81\">Speeches:<\/strong> 2 \u00d7 Balansl\u0131 Line<\/li>\n<li data-start=\"104\" data-end=\"154\"><strong data-start=\"104\" data-end=\"118\">Management:<\/strong> Gain, routing v\u0259 s\u0259viyy\u0259 n\u0259zar\u0259ti<\/li>\n<li data-start=\"157\" data-end=\"183\"><strong data-start=\"157\" data-end=\"172\">Installation:<\/strong> 19\u2033 rack<\/li>\n<li data-start=\"186\" data-end=\"235\"><strong data-start=\"186\" data-end=\"196\">Additional:<\/strong> PA v\u0259 fon musiqi sisteml\u0259ri \u00fc\u00e7\u00fcn uy\u011fun<\/li>\n<\/ul>\n<\/div>\n<\/div>\n<\/div>\n<\/div>\n<div class=\"z-0 flex min-h-[46px] justify-start\"><\/div>\n<\/div>\n<\/div>\n<\/article>\n<\/div>\n<div class=\"pointer-events-none h-px w-px absolute bottom-0\" aria-hidden=\"true\" data-edge=\"true\"><\/div>","protected":false},"excerpt":{"rendered":"<p>Tip: Audio matrix mikser Giri\u015fl\u0259r: 6 \u00d7 Mic \/ Line  [&#8230;]<\/p>","protected":false},"featured_media":9694,"comment_status":"open","ping_status":"closed","template":"","meta":[],"product_brand":[],"product_cat":[289],"product_tag":[],"class_list":{"0":"post-9693","1":"product","2":"type-product","3":"status-publish","4":"has-post-thumbnail","6":"product_cat-audac","7":"pa_mehsul-tipi-paging-microphone","9":"first","10":"instock","11":"sold-individually","12":"shipping-taxable","13":"purchasable","14":"product-type-simple"},"_links":{"self":[{"href":"https:\/\/engitech.az\/en\/wp-json\/wp\/v2\/product\/9693","targetHints":{"allow":["GET"]}}],"collection":[{"href":"https:\/\/engitech.az\/en\/wp-json\/wp\/v2\/product"}],"about":[{"href":"https:\/\/engitech.az\/en\/wp-json\/wp\/v2\/types\/product"}],"replies":[{"embeddable":true,"href":"https:\/\/engitech.az\/en\/wp-json\/wp\/v2\/comments?post=9693"}],"wp:featuredmedia":[{"embeddable":true,"href":"https:\/\/engitech.az\/en\/wp-json\/wp\/v2\/media\/9694"}],"wp:attachment":[{"href":"https:\/\/engitech.az\/en\/wp-json\/wp\/v2\/media?parent=9693"}],"wp:term":[{"taxonomy":"product_brand","embeddable":true,"href":"https:\/\/engitech.az\/en\/wp-json\/wp\/v2\/product_brand?post=9693"},{"taxonomy":"product_cat","embeddable":true,"href":"https:\/\/engitech.az\/en\/wp-json\/wp\/v2\/product_cat?post=9693"},{"taxonomy":"product_tag","embeddable":true,"href":"https:\/\/engitech.az\/en\/wp-json\/wp\/v2\/product_tag?post=9693"}],"curies":[{"name":"wp","href":"https:\/\/api.w.org\/{rel}","templated":true}]}}