{"id":9695,"date":"2026-01-29T07:00:23","date_gmt":"2026-01-29T07:00:23","guid":{"rendered":"https:\/\/engitech.az\/?post_type=product&#038;p=9695"},"modified":"2026-01-29T10:20:41","modified_gmt":"2026-01-29T10:20:41","slug":"six4m","status":"publish","type":"product","link":"https:\/\/engitech.az\/en\/product\/six4m\/","title":{"rendered":"SIXTY4M"},"content":{"rendered":"<ul>\n<li><strong data-start=\"2\" data-end=\"10\">Type:<\/strong> Asma (pendant) s\u0259sg\u00fccl\u0259ndirici<\/li>\n<li><strong data-start=\"46\" data-end=\"55\">Size:<\/strong> 4\u2033 full-range<\/li>\n<li><strong data-start=\"74\" data-end=\"82\">Power:<\/strong> 30 W @ 8 \u03a9 \/ 70\u2013100 V<\/li>\n<li><strong data-start=\"109\" data-end=\"122\">Usage:<\/strong> Ticar\u0259t m\u0259kanlar\u0131, ofis, restoran<\/li>\n<li><strong data-start=\"161\" data-end=\"176\">Installation:<\/strong> Tavandan asma<\/li>\n<li><strong data-start=\"195\" data-end=\"205\">Additional:<\/strong> T\u0259miz dizayn, geni\u015f yay\u0131lma buca\u011f\u0131<\/li>\n<\/ul>","protected":false},"excerpt":{"rendered":"<p>Tip: Asma (pendant) s\u0259sg\u00fccl\u0259ndirici \u00d6l\u00e7\u00fc: 4\u2033 full-range G\u00fcc: 30 W  [&#8230;]<\/p>","protected":false},"featured_media":9696,"comment_status":"open","ping_status":"closed","template":"","meta":[],"product_brand":[],"product_cat":[289],"product_tag":[],"class_list":{"0":"post-9695","1":"product","2":"type-product","3":"status-publish","4":"has-post-thumbnail","6":"product_cat-audac","7":"pa_mehsul-tipi-loudspeakers","9":"first","10":"instock","11":"sold-individually","12":"shipping-taxable","13":"purchasable","14":"product-type-simple"},"_links":{"self":[{"href":"https:\/\/engitech.az\/en\/wp-json\/wp\/v2\/product\/9695","targetHints":{"allow":["GET"]}}],"collection":[{"href":"https:\/\/engitech.az\/en\/wp-json\/wp\/v2\/product"}],"about":[{"href":"https:\/\/engitech.az\/en\/wp-json\/wp\/v2\/types\/product"}],"replies":[{"embeddable":true,"href":"https:\/\/engitech.az\/en\/wp-json\/wp\/v2\/comments?post=9695"}],"wp:featuredmedia":[{"embeddable":true,"href":"https:\/\/engitech.az\/en\/wp-json\/wp\/v2\/media\/9696"}],"wp:attachment":[{"href":"https:\/\/engitech.az\/en\/wp-json\/wp\/v2\/media?parent=9695"}],"wp:term":[{"taxonomy":"product_brand","embeddable":true,"href":"https:\/\/engitech.az\/en\/wp-json\/wp\/v2\/product_brand?post=9695"},{"taxonomy":"product_cat","embeddable":true,"href":"https:\/\/engitech.az\/en\/wp-json\/wp\/v2\/product_cat?post=9695"},{"taxonomy":"product_tag","embeddable":true,"href":"https:\/\/engitech.az\/en\/wp-json\/wp\/v2\/product_tag?post=9695"}],"curies":[{"name":"wp","href":"https:\/\/api.w.org\/{rel}","templated":true}]}}