{"id":9698,"date":"2026-01-29T07:03:07","date_gmt":"2026-01-29T07:03:07","guid":{"rendered":"https:\/\/engitech.az\/?post_type=product&#038;p=9698"},"modified":"2026-01-29T10:21:47","modified_gmt":"2026-01-29T10:21:47","slug":"nelo706","status":"publish","type":"product","link":"https:\/\/engitech.az\/en\/product\/nelo706\/","title":{"rendered":"NELO706"},"content":{"rendered":"<ul>\n<li data-start=\"2\" data-end=\"40\"><strong data-start=\"2\" data-end=\"10\">Type:<\/strong> Tavan tipli s\u0259sg\u00fccl\u0259ndirici<\/li>\n<li data-start=\"43\" data-end=\"59\"><strong data-start=\"43\" data-end=\"52\">Size:<\/strong> 6.5\u2033<\/li>\n<li data-start=\"62\" data-end=\"86\"><strong data-start=\"62\" data-end=\"70\">Power:<\/strong> 70\/100 V x\u0259tt<\/li>\n<li data-start=\"89\" data-end=\"127\"><strong data-start=\"89\" data-end=\"102\">Usage:<\/strong> Ofis, ma\u011faza, restoran<\/li>\n<li data-start=\"130\" data-end=\"160\"><strong data-start=\"130\" data-end=\"145\">Installation:<\/strong> Tavan montaj<\/li>\n<li data-start=\"163\" data-end=\"211\"><strong data-start=\"163\" data-end=\"173\">Additional:<\/strong> Diskret dizayn, b\u0259rab\u0259r s\u0259s yay\u0131lmas\u0131<\/li>\n<\/ul>","protected":false},"excerpt":{"rendered":"<p>Tip: Tavan tipli s\u0259sg\u00fccl\u0259ndirici \u00d6l\u00e7\u00fc: 6.5\u2033 G\u00fcc: 70\/100 V x\u0259tt  [&#8230;]<\/p>","protected":false},"featured_media":9699,"comment_status":"open","ping_status":"closed","template":"","meta":[],"product_brand":[],"product_cat":[289],"product_tag":[],"class_list":{"0":"post-9698","1":"product","2":"type-product","3":"status-publish","4":"has-post-thumbnail","6":"product_cat-audac","7":"pa_mehsul-tipi-paging-microphone","9":"first","10":"instock","11":"sold-individually","12":"shipping-taxable","13":"purchasable","14":"product-type-simple"},"_links":{"self":[{"href":"https:\/\/engitech.az\/en\/wp-json\/wp\/v2\/product\/9698","targetHints":{"allow":["GET"]}}],"collection":[{"href":"https:\/\/engitech.az\/en\/wp-json\/wp\/v2\/product"}],"about":[{"href":"https:\/\/engitech.az\/en\/wp-json\/wp\/v2\/types\/product"}],"replies":[{"embeddable":true,"href":"https:\/\/engitech.az\/en\/wp-json\/wp\/v2\/comments?post=9698"}],"wp:featuredmedia":[{"embeddable":true,"href":"https:\/\/engitech.az\/en\/wp-json\/wp\/v2\/media\/9699"}],"wp:attachment":[{"href":"https:\/\/engitech.az\/en\/wp-json\/wp\/v2\/media?parent=9698"}],"wp:term":[{"taxonomy":"product_brand","embeddable":true,"href":"https:\/\/engitech.az\/en\/wp-json\/wp\/v2\/product_brand?post=9698"},{"taxonomy":"product_cat","embeddable":true,"href":"https:\/\/engitech.az\/en\/wp-json\/wp\/v2\/product_cat?post=9698"},{"taxonomy":"product_tag","embeddable":true,"href":"https:\/\/engitech.az\/en\/wp-json\/wp\/v2\/product_tag?post=9698"}],"curies":[{"name":"wp","href":"https:\/\/api.w.org\/{rel}","templated":true}]}}