{"id":9709,"date":"2026-01-29T07:20:42","date_gmt":"2026-01-29T07:20:42","guid":{"rendered":"https:\/\/engitech.az\/?post_type=product&#038;p=9709"},"modified":"2026-01-29T10:23:34","modified_gmt":"2026-01-29T10:23:34","slug":"cello8","status":"publish","type":"product","link":"https:\/\/engitech.az\/en\/product\/cello8\/","title":{"rendered":"CELO8"},"content":{"rendered":"<ul>\n<li data-start=\"2\" data-end=\"40\"><strong data-start=\"2\" data-end=\"10\">Type:<\/strong> Tavan tipli s\u0259sg\u00fccl\u0259ndirici<\/li>\n<li data-start=\"43\" data-end=\"68\"><strong data-start=\"43\" data-end=\"52\">Size:<\/strong> 8\u2033 full-range<\/li>\n<li data-start=\"71\" data-end=\"104\"><strong data-start=\"71\" data-end=\"79\">Power:<\/strong> 100 W @ 8 \u03a9 \/ 70\u2013100 V<\/li>\n<li data-start=\"107\" data-end=\"155\"><strong data-start=\"107\" data-end=\"120\">Usage:<\/strong> B\u00f6y\u00fck m\u0259kanlar, ma\u011faza, restoran<\/li>\n<li data-start=\"158\" data-end=\"188\"><strong data-start=\"158\" data-end=\"173\">Installation:<\/strong> Tavan montaj<\/li>\n<li data-start=\"191\" data-end=\"234\"><strong data-start=\"191\" data-end=\"201\">Additional:<\/strong> Y\u00fcks\u0259k SPL, geni\u015f yay\u0131lma buca\u011f\u0131<\/li>\n<\/ul>","protected":false},"excerpt":{"rendered":"<p>Tip: Tavan tipli s\u0259sg\u00fccl\u0259ndirici \u00d6l\u00e7\u00fc: 8\u2033 full-range G\u00fcc: 100 W  [&#8230;]<\/p>","protected":false},"featured_media":9711,"comment_status":"open","ping_status":"closed","template":"","meta":[],"product_brand":[],"product_cat":[289],"product_tag":[],"class_list":{"0":"post-9709","1":"product","2":"type-product","3":"status-publish","4":"has-post-thumbnail","6":"product_cat-audac","7":"pa_mehsul-tipi-loudspeakers","9":"first","10":"instock","11":"sold-individually","12":"shipping-taxable","13":"purchasable","14":"product-type-simple"},"_links":{"self":[{"href":"https:\/\/engitech.az\/en\/wp-json\/wp\/v2\/product\/9709","targetHints":{"allow":["GET"]}}],"collection":[{"href":"https:\/\/engitech.az\/en\/wp-json\/wp\/v2\/product"}],"about":[{"href":"https:\/\/engitech.az\/en\/wp-json\/wp\/v2\/types\/product"}],"replies":[{"embeddable":true,"href":"https:\/\/engitech.az\/en\/wp-json\/wp\/v2\/comments?post=9709"}],"wp:featuredmedia":[{"embeddable":true,"href":"https:\/\/engitech.az\/en\/wp-json\/wp\/v2\/media\/9711"}],"wp:attachment":[{"href":"https:\/\/engitech.az\/en\/wp-json\/wp\/v2\/media?parent=9709"}],"wp:term":[{"taxonomy":"product_brand","embeddable":true,"href":"https:\/\/engitech.az\/en\/wp-json\/wp\/v2\/product_brand?post=9709"},{"taxonomy":"product_cat","embeddable":true,"href":"https:\/\/engitech.az\/en\/wp-json\/wp\/v2\/product_cat?post=9709"},{"taxonomy":"product_tag","embeddable":true,"href":"https:\/\/engitech.az\/en\/wp-json\/wp\/v2\/product_tag?post=9709"}],"curies":[{"name":"wp","href":"https:\/\/api.w.org\/{rel}","templated":true}]}}