{"id":9712,"date":"2026-01-29T07:23:04","date_gmt":"2026-01-29T07:23:04","guid":{"rendered":"https:\/\/engitech.az\/?post_type=product&#038;p=9712"},"modified":"2026-01-29T10:23:54","modified_gmt":"2026-01-29T10:23:54","slug":"mero2","status":"publish","type":"product","link":"https:\/\/engitech.az\/en\/product\/mero2\/","title":{"rendered":"MERO2"},"content":{"rendered":"<ul>\n<li data-start=\"2\" data-end=\"48\"><strong data-start=\"2\" data-end=\"10\">Type:<\/strong> Divar i\u00e7i (in-wall) s\u0259sg\u00fccl\u0259ndirici<\/li>\n<li data-start=\"51\" data-end=\"76\"><strong data-start=\"51\" data-end=\"60\">Size:<\/strong> 2\u2033 full-range<\/li>\n<li data-start=\"79\" data-end=\"111\"><strong data-start=\"79\" data-end=\"87\">Power:<\/strong> 20 W @ 8 \u03a9 \/ 70\u2013100 V<\/li>\n<li data-start=\"114\" data-end=\"157\"><strong data-start=\"114\" data-end=\"127\">Usage:<\/strong> Ki\u00e7ik m\u0259kanlar, koridor, WC<\/li>\n<li data-start=\"160\" data-end=\"194\"><strong data-start=\"160\" data-end=\"175\">Installation:<\/strong> Divar i\u00e7i montaj<\/li>\n<li data-start=\"197\" data-end=\"244\"><strong data-start=\"197\" data-end=\"207\">Additional:<\/strong> Diskret dizayn, geni\u015f yay\u0131lma buca\u011f\u0131<\/li>\n<\/ul>","protected":false},"excerpt":{"rendered":"<p>Tip: Divar i\u00e7i (in-wall) s\u0259sg\u00fccl\u0259ndirici \u00d6l\u00e7\u00fc: 2\u2033 full-range G\u00fcc: 20  [&#8230;]<\/p>","protected":false},"featured_media":9714,"comment_status":"open","ping_status":"closed","template":"","meta":[],"product_brand":[],"product_cat":[289],"product_tag":[],"class_list":{"0":"post-9712","1":"product","2":"type-product","3":"status-publish","4":"has-post-thumbnail","6":"product_cat-audac","7":"pa_mehsul-tipi-loudspeakers","9":"first","10":"instock","11":"sold-individually","12":"shipping-taxable","13":"purchasable","14":"product-type-simple"},"_links":{"self":[{"href":"https:\/\/engitech.az\/en\/wp-json\/wp\/v2\/product\/9712","targetHints":{"allow":["GET"]}}],"collection":[{"href":"https:\/\/engitech.az\/en\/wp-json\/wp\/v2\/product"}],"about":[{"href":"https:\/\/engitech.az\/en\/wp-json\/wp\/v2\/types\/product"}],"replies":[{"embeddable":true,"href":"https:\/\/engitech.az\/en\/wp-json\/wp\/v2\/comments?post=9712"}],"wp:featuredmedia":[{"embeddable":true,"href":"https:\/\/engitech.az\/en\/wp-json\/wp\/v2\/media\/9714"}],"wp:attachment":[{"href":"https:\/\/engitech.az\/en\/wp-json\/wp\/v2\/media?parent=9712"}],"wp:term":[{"taxonomy":"product_brand","embeddable":true,"href":"https:\/\/engitech.az\/en\/wp-json\/wp\/v2\/product_brand?post=9712"},{"taxonomy":"product_cat","embeddable":true,"href":"https:\/\/engitech.az\/en\/wp-json\/wp\/v2\/product_cat?post=9712"},{"taxonomy":"product_tag","embeddable":true,"href":"https:\/\/engitech.az\/en\/wp-json\/wp\/v2\/product_tag?post=9712"}],"curies":[{"name":"wp","href":"https:\/\/api.w.org\/{rel}","templated":true}]}}