{"id":9715,"date":"2026-01-29T07:25:02","date_gmt":"2026-01-29T07:25:02","guid":{"rendered":"https:\/\/engitech.az\/?post_type=product&#038;p=9715"},"modified":"2026-01-29T10:24:11","modified_gmt":"2026-01-29T10:24:11","slug":"mero5","status":"publish","type":"product","link":"https:\/\/engitech.az\/en\/product\/mero5\/","title":{"rendered":"MERO5"},"content":{"rendered":"<div class=\"text-base my-auto mx-auto pb-10 [--thread-content-margin:--spacing(4)] @w-sm\/main:[--thread-content-margin:--spacing(6)] @w-lg\/main:[--thread-content-margin:--spacing(16)] px-(--thread-content-margin)\">\n<div class=\"[--thread-content-max-width:40rem] @w-lg\/main:[--thread-content-max-width:48rem] mx-auto max-w-(--thread-content-max-width) flex-1 group\/turn-messages focus-visible:outline-hidden relative flex w-full min-w-0 flex-col agent-turn\" tabindex=\"-1\">\n<div class=\"flex max-w-full flex-col grow\">\n<div class=\"min-h-8 text-message relative flex w-full flex-col items-end gap-2 text-start break-words whitespace-normal [.text-message+&amp;]:mt-1\" dir=\"auto\" data-message-author-role=\"assistant\" data-message-id=\"0317e3bd-a8a3-488e-8754-60d2e4054b24\" data-message-model-slug=\"gpt-5-mini\">\n<div class=\"flex w-full flex-col gap-1 empty:hidden first:pt-[1px]\">\n<div class=\"markdown prose dark:prose-invert w-full wrap-break-word dark markdown-new-styling\">\n<ul>\n<li data-start=\"2\" data-end=\"48\"><strong data-start=\"2\" data-end=\"10\">Type:<\/strong> Divar i\u00e7i (in-wall) s\u0259sg\u00fccl\u0259ndirici<\/li>\n<li data-start=\"51\" data-end=\"76\"><strong data-start=\"51\" data-end=\"60\">Size:<\/strong> 5\u2033 full-range<\/li>\n<li data-start=\"79\" data-end=\"111\"><strong data-start=\"79\" data-end=\"87\">Power:<\/strong> 40 W @ 8 \u03a9 \/ 70\u2013100 V<\/li>\n<li data-start=\"114\" data-end=\"152\"><strong data-start=\"114\" data-end=\"127\">Usage:<\/strong> Ofis, ma\u011faza, restoran<\/li>\n<li data-start=\"155\" data-end=\"189\"><strong data-start=\"155\" data-end=\"170\">Installation:<\/strong> Divar i\u00e7i montaj<\/li>\n<li data-start=\"192\" data-end=\"249\"><strong data-start=\"192\" data-end=\"202\">Additional:<\/strong> Kompakt v\u0259 t\u0259miz dizayn, b\u0259rab\u0259r s\u0259s yay\u0131lmas\u0131<\/li>\n<\/ul>\n<\/div>\n<\/div>\n<\/div>\n<\/div>\n<\/div>\n<\/div>","protected":false},"excerpt":{"rendered":"<p>Tip: Divar i\u00e7i (in-wall) s\u0259sg\u00fccl\u0259ndirici \u00d6l\u00e7\u00fc: 5\u2033 full-range G\u00fcc: 40  [&#8230;]<\/p>","protected":false},"featured_media":9717,"comment_status":"open","ping_status":"closed","template":"","meta":[],"product_brand":[],"product_cat":[289],"product_tag":[],"class_list":{"0":"post-9715","1":"product","2":"type-product","3":"status-publish","4":"has-post-thumbnail","6":"product_cat-audac","7":"pa_mehsul-tipi-loudspeakers","9":"first","10":"instock","11":"sold-individually","12":"shipping-taxable","13":"purchasable","14":"product-type-simple"},"_links":{"self":[{"href":"https:\/\/engitech.az\/en\/wp-json\/wp\/v2\/product\/9715","targetHints":{"allow":["GET"]}}],"collection":[{"href":"https:\/\/engitech.az\/en\/wp-json\/wp\/v2\/product"}],"about":[{"href":"https:\/\/engitech.az\/en\/wp-json\/wp\/v2\/types\/product"}],"replies":[{"embeddable":true,"href":"https:\/\/engitech.az\/en\/wp-json\/wp\/v2\/comments?post=9715"}],"wp:featuredmedia":[{"embeddable":true,"href":"https:\/\/engitech.az\/en\/wp-json\/wp\/v2\/media\/9717"}],"wp:attachment":[{"href":"https:\/\/engitech.az\/en\/wp-json\/wp\/v2\/media?parent=9715"}],"wp:term":[{"taxonomy":"product_brand","embeddable":true,"href":"https:\/\/engitech.az\/en\/wp-json\/wp\/v2\/product_brand?post=9715"},{"taxonomy":"product_cat","embeddable":true,"href":"https:\/\/engitech.az\/en\/wp-json\/wp\/v2\/product_cat?post=9715"},{"taxonomy":"product_tag","embeddable":true,"href":"https:\/\/engitech.az\/en\/wp-json\/wp\/v2\/product_tag?post=9715"}],"curies":[{"name":"wp","href":"https:\/\/api.w.org\/{rel}","templated":true}]}}