{"id":9718,"date":"2026-01-29T07:30:26","date_gmt":"2026-01-29T07:30:26","guid":{"rendered":"https:\/\/engitech.az\/?post_type=product&#038;p=9718"},"modified":"2026-01-29T10:24:27","modified_gmt":"2026-01-29T10:24:27","slug":"cali424","status":"publish","type":"product","link":"https:\/\/engitech.az\/en\/product\/cali424\/","title":{"rendered":"CALI424"},"content":{"rendered":"<ul>\n<li data-start=\"2\" data-end=\"61\"><strong data-start=\"2\" data-end=\"10\">Type:<\/strong> 4-yollu s\u0259sg\u00fccl\u0259ndirici \/ outdoor column speaker<\/li>\n<li data-start=\"64\" data-end=\"89\"><strong data-start=\"64\" data-end=\"73\">Size:<\/strong> 4 \u00d7 2\u2033 s\u00fcr\u00fcc\u00fc<\/li>\n<li data-start=\"92\" data-end=\"124\"><strong data-start=\"92\" data-end=\"100\">Power:<\/strong> 40 W @ 8 \u03a9 \/ 70\u2013100 V<\/li>\n<li data-start=\"127\" data-end=\"183\"><strong data-start=\"127\" data-end=\"140\">Usage:<\/strong> Xarici v\u0259 daxili m\u0259kanlar, PA sisteml\u0259ri<\/li>\n<li data-start=\"186\" data-end=\"224\"><strong data-start=\"186\" data-end=\"201\">Installation:<\/strong> Divar \/ stend montaj<\/li>\n<li data-start=\"227\" data-end=\"282\"><strong data-start=\"227\" data-end=\"237\">Additional:<\/strong> Hava \u015f\u0259raitin\u0259 davaml\u0131, geni\u015f yay\u0131lma buca\u011f\u0131<\/li>\n<\/ul>","protected":false},"excerpt":{"rendered":"<p>Tip: 4-yollu s\u0259sg\u00fccl\u0259ndirici \/ outdoor column speaker \u00d6l\u00e7\u00fc: 4 \u00d7  [&#8230;]<\/p>","protected":false},"featured_media":9723,"comment_status":"open","ping_status":"closed","template":"","meta":[],"product_brand":[],"product_cat":[289],"product_tag":[],"class_list":{"0":"post-9718","1":"product","2":"type-product","3":"status-publish","4":"has-post-thumbnail","6":"product_cat-audac","7":"pa_mehsul-tipi-loudspeakers","9":"first","10":"instock","11":"sold-individually","12":"shipping-taxable","13":"purchasable","14":"product-type-simple"},"_links":{"self":[{"href":"https:\/\/engitech.az\/en\/wp-json\/wp\/v2\/product\/9718","targetHints":{"allow":["GET"]}}],"collection":[{"href":"https:\/\/engitech.az\/en\/wp-json\/wp\/v2\/product"}],"about":[{"href":"https:\/\/engitech.az\/en\/wp-json\/wp\/v2\/types\/product"}],"replies":[{"embeddable":true,"href":"https:\/\/engitech.az\/en\/wp-json\/wp\/v2\/comments?post=9718"}],"wp:featuredmedia":[{"embeddable":true,"href":"https:\/\/engitech.az\/en\/wp-json\/wp\/v2\/media\/9723"}],"wp:attachment":[{"href":"https:\/\/engitech.az\/en\/wp-json\/wp\/v2\/media?parent=9718"}],"wp:term":[{"taxonomy":"product_brand","embeddable":true,"href":"https:\/\/engitech.az\/en\/wp-json\/wp\/v2\/product_brand?post=9718"},{"taxonomy":"product_cat","embeddable":true,"href":"https:\/\/engitech.az\/en\/wp-json\/wp\/v2\/product_cat?post=9718"},{"taxonomy":"product_tag","embeddable":true,"href":"https:\/\/engitech.az\/en\/wp-json\/wp\/v2\/product_tag?post=9718"}],"curies":[{"name":"wp","href":"https:\/\/api.w.org\/{rel}","templated":true}]}}