{"id":9724,"date":"2026-01-29T07:32:49","date_gmt":"2026-01-29T07:32:49","guid":{"rendered":"https:\/\/engitech.az\/?post_type=product&#038;p=9724"},"modified":"2026-01-29T10:24:44","modified_gmt":"2026-01-29T10:24:44","slug":"ssp500","status":"publish","type":"product","link":"https:\/\/engitech.az\/en\/product\/ssp500\/","title":{"rendered":"SSP500"},"content":{"rendered":"<div class=\"text-base my-auto mx-auto pb-10 [--thread-content-margin:--spacing(4)] @w-sm\/main:[--thread-content-margin:--spacing(6)] @w-lg\/main:[--thread-content-margin:--spacing(16)] px-(--thread-content-margin)\">\n<div class=\"[--thread-content-max-width:40rem] @w-lg\/main:[--thread-content-max-width:48rem] mx-auto max-w-(--thread-content-max-width) flex-1 group\/turn-messages focus-visible:outline-hidden relative flex w-full min-w-0 flex-col agent-turn\" tabindex=\"-1\">\n<div class=\"flex max-w-full flex-col grow\">\n<div class=\"min-h-8 text-message relative flex w-full flex-col items-end gap-2 text-start break-words whitespace-normal [.text-message+&amp;]:mt-1\" dir=\"auto\" data-message-author-role=\"assistant\" data-message-id=\"90ade0c9-a176-4033-a1ad-7fce99fd228e\" data-message-model-slug=\"gpt-5-mini\">\n<div class=\"flex w-full flex-col gap-1 empty:hidden first:pt-[1px]\">\n<div class=\"markdown prose dark:prose-invert w-full wrap-break-word dark markdown-new-styling\">\n<ul>\n<li data-start=\"2\" data-end=\"51\"><strong data-start=\"2\" data-end=\"10\">Type:<\/strong> Professional s\u0259sg\u00fccl\u0259ndirici subwoofer<\/li>\n<li data-start=\"54\" data-end=\"96\"><strong data-start=\"54\" data-end=\"63\">Size:<\/strong> 12\u2033 \/ 15\u2033 woofer (model\u0259 g\u00f6r\u0259)<\/li>\n<li data-start=\"99\" data-end=\"121\"><strong data-start=\"99\" data-end=\"107\">Power:<\/strong> 500 W @ 8 \u03a9<\/li>\n<li data-start=\"124\" data-end=\"173\"><strong data-start=\"124\" data-end=\"137\">Usage:<\/strong> Live sound, t\u0259dbirl\u0259r, konsertl\u0259r<\/li>\n<li data-start=\"176\" data-end=\"219\"><strong data-start=\"176\" data-end=\"191\">Installation:<\/strong> Yer\u00fcst\u00fc, stend v\u0259 ya rack<\/li>\n<li data-start=\"222\" data-end=\"280\"><strong data-start=\"222\" data-end=\"232\">Additional:<\/strong> Y\u00fcks\u0259k SPL, d\u0259rin bas, professional DSP d\u0259st\u0259yi<\/li>\n<\/ul>\n<\/div>\n<\/div>\n<\/div>\n<\/div>\n<\/div>\n<\/div>","protected":false},"excerpt":{"rendered":"<p>Tip: Professional s\u0259sg\u00fccl\u0259ndirici subwoofer \u00d6l\u00e7\u00fc: 12\u2033 \/ 15\u2033 woofer (model\u0259  [&#8230;]<\/p>","protected":false},"featured_media":9726,"comment_status":"open","ping_status":"closed","template":"","meta":[],"product_brand":[],"product_cat":[289],"product_tag":[],"class_list":{"0":"post-9724","1":"product","2":"type-product","3":"status-publish","4":"has-post-thumbnail","6":"product_cat-audac","7":"pa_mehsul-tipi-loudspeakers","9":"first","10":"instock","11":"sold-individually","12":"shipping-taxable","13":"purchasable","14":"product-type-simple"},"_links":{"self":[{"href":"https:\/\/engitech.az\/en\/wp-json\/wp\/v2\/product\/9724","targetHints":{"allow":["GET"]}}],"collection":[{"href":"https:\/\/engitech.az\/en\/wp-json\/wp\/v2\/product"}],"about":[{"href":"https:\/\/engitech.az\/en\/wp-json\/wp\/v2\/types\/product"}],"replies":[{"embeddable":true,"href":"https:\/\/engitech.az\/en\/wp-json\/wp\/v2\/comments?post=9724"}],"wp:featuredmedia":[{"embeddable":true,"href":"https:\/\/engitech.az\/en\/wp-json\/wp\/v2\/media\/9726"}],"wp:attachment":[{"href":"https:\/\/engitech.az\/en\/wp-json\/wp\/v2\/media?parent=9724"}],"wp:term":[{"taxonomy":"product_brand","embeddable":true,"href":"https:\/\/engitech.az\/en\/wp-json\/wp\/v2\/product_brand?post=9724"},{"taxonomy":"product_cat","embeddable":true,"href":"https:\/\/engitech.az\/en\/wp-json\/wp\/v2\/product_cat?post=9724"},{"taxonomy":"product_tag","embeddable":true,"href":"https:\/\/engitech.az\/en\/wp-json\/wp\/v2\/product_tag?post=9724"}],"curies":[{"name":"wp","href":"https:\/\/api.w.org\/{rel}","templated":true}]}}