{"id":9727,"date":"2026-01-29T07:36:10","date_gmt":"2026-01-29T07:36:10","guid":{"rendered":"https:\/\/engitech.az\/?post_type=product&#038;p=9727"},"modified":"2026-01-29T10:25:01","modified_gmt":"2026-01-29T10:25:01","slug":"kyra12","status":"publish","type":"product","link":"https:\/\/engitech.az\/en\/product\/kyra12\/","title":{"rendered":"KYRA12"},"content":{"rendered":"<ul>\n<li data-start=\"2\" data-end=\"42\"><strong data-start=\"2\" data-end=\"10\">Type:<\/strong> Aktiv 2-yollu s\u0259sg\u00fccl\u0259ndirici<\/li>\n<li data-start=\"45\" data-end=\"79\"><strong data-start=\"45\" data-end=\"54\">Size:<\/strong> 12\u2033 woofer + HF driver<\/li>\n<li data-start=\"82\" data-end=\"117\"><strong data-start=\"82\" data-end=\"90\">Power:<\/strong> Daxili Class-D amplifier<\/li>\n<li data-start=\"120\" data-end=\"155\"><strong data-start=\"120\" data-end=\"133\">Inputs:<\/strong> Balansl\u0131 Line \/ Mic<\/li>\n<li data-start=\"158\" data-end=\"221\"><strong data-start=\"158\" data-end=\"171\">Usage:<\/strong> Live sound, t\u0259dbirl\u0259r, DJ v\u0259 portativ sisteml\u0259r<\/li>\n<li data-start=\"224\" data-end=\"268\"><strong data-start=\"224\" data-end=\"239\">Installation:<\/strong> Stend, truss v\u0259 ya yer\u00fcst\u00fc<\/li>\n<li data-start=\"271\" data-end=\"325\"><strong data-start=\"271\" data-end=\"281\">Additional:<\/strong> Daxili DSP, y\u00fcks\u0259k SPL, professional korpus<\/li>\n<\/ul>","protected":false},"excerpt":{"rendered":"<p>Tip: Aktiv 2-yollu s\u0259sg\u00fccl\u0259ndirici \u00d6l\u00e7\u00fc: 12\u2033 woofer + HF driver  [&#8230;]<\/p>","protected":false},"featured_media":9729,"comment_status":"open","ping_status":"closed","template":"","meta":[],"product_brand":[],"product_cat":[289],"product_tag":[],"class_list":{"0":"post-9727","1":"product","2":"type-product","3":"status-publish","4":"has-post-thumbnail","6":"product_cat-audac","7":"pa_mehsul-tipi-loudspeakers","9":"first","10":"instock","11":"sold-individually","12":"shipping-taxable","13":"purchasable","14":"product-type-simple"},"_links":{"self":[{"href":"https:\/\/engitech.az\/en\/wp-json\/wp\/v2\/product\/9727","targetHints":{"allow":["GET"]}}],"collection":[{"href":"https:\/\/engitech.az\/en\/wp-json\/wp\/v2\/product"}],"about":[{"href":"https:\/\/engitech.az\/en\/wp-json\/wp\/v2\/types\/product"}],"replies":[{"embeddable":true,"href":"https:\/\/engitech.az\/en\/wp-json\/wp\/v2\/comments?post=9727"}],"wp:featuredmedia":[{"embeddable":true,"href":"https:\/\/engitech.az\/en\/wp-json\/wp\/v2\/media\/9729"}],"wp:attachment":[{"href":"https:\/\/engitech.az\/en\/wp-json\/wp\/v2\/media?parent=9727"}],"wp:term":[{"taxonomy":"product_brand","embeddable":true,"href":"https:\/\/engitech.az\/en\/wp-json\/wp\/v2\/product_brand?post=9727"},{"taxonomy":"product_cat","embeddable":true,"href":"https:\/\/engitech.az\/en\/wp-json\/wp\/v2\/product_cat?post=9727"},{"taxonomy":"product_tag","embeddable":true,"href":"https:\/\/engitech.az\/en\/wp-json\/wp\/v2\/product_tag?post=9727"}],"curies":[{"name":"wp","href":"https:\/\/api.w.org\/{rel}","templated":true}]}}