{"id":9730,"date":"2026-01-29T07:38:24","date_gmt":"2026-01-29T07:38:24","guid":{"rendered":"https:\/\/engitech.az\/?post_type=product&#038;p=9730"},"modified":"2026-01-29T10:25:18","modified_gmt":"2026-01-29T10:25:18","slug":"kyra24","status":"publish","type":"product","link":"https:\/\/engitech.az\/en\/product\/kyra24\/","title":{"rendered":"KYRA24"},"content":{"rendered":"<ul>\n<li data-start=\"2\" data-end=\"42\"><strong data-start=\"2\" data-end=\"10\">Type:<\/strong> Aktiv 2-yollu s\u0259sg\u00fccl\u0259ndirici<\/li>\n<li data-start=\"45\" data-end=\"83\"><strong data-start=\"45\" data-end=\"54\">Size:<\/strong> 2 \u00d7 12\u2033 woofer + HF driver<\/li>\n<li data-start=\"86\" data-end=\"121\"><strong data-start=\"86\" data-end=\"94\">Power:<\/strong> Daxili Class-D amplifier<\/li>\n<li data-start=\"124\" data-end=\"159\"><strong data-start=\"124\" data-end=\"137\">Inputs:<\/strong> Balansl\u0131 Line \/ Mic<\/li>\n<li data-start=\"162\" data-end=\"225\"><strong data-start=\"162\" data-end=\"175\">Usage:<\/strong> Live sound, t\u0259dbirl\u0259r, konsert v\u0259 DJ sisteml\u0259ri<\/li>\n<li data-start=\"228\" data-end=\"272\"><strong data-start=\"228\" data-end=\"243\">Installation:<\/strong> Stend, truss v\u0259 ya yer\u00fcst\u00fc<\/li>\n<li data-start=\"275\" data-end=\"329\"><strong data-start=\"275\" data-end=\"285\">Additional:<\/strong> Daxili DSP, y\u00fcks\u0259k SPL, professional korpus<\/li>\n<\/ul>","protected":false},"excerpt":{"rendered":"<p>Tip: Aktiv 2-yollu s\u0259sg\u00fccl\u0259ndirici \u00d6l\u00e7\u00fc: 2 \u00d7 12\u2033 woofer +  [&#8230;]<\/p>","protected":false},"featured_media":9732,"comment_status":"open","ping_status":"closed","template":"","meta":[],"product_brand":[],"product_cat":[289],"product_tag":[],"class_list":{"0":"post-9730","1":"product","2":"type-product","3":"status-publish","4":"has-post-thumbnail","6":"product_cat-audac","7":"pa_mehsul-tipi-loudspeakers","9":"first","10":"instock","11":"sold-individually","12":"shipping-taxable","13":"purchasable","14":"product-type-simple"},"_links":{"self":[{"href":"https:\/\/engitech.az\/en\/wp-json\/wp\/v2\/product\/9730","targetHints":{"allow":["GET"]}}],"collection":[{"href":"https:\/\/engitech.az\/en\/wp-json\/wp\/v2\/product"}],"about":[{"href":"https:\/\/engitech.az\/en\/wp-json\/wp\/v2\/types\/product"}],"replies":[{"embeddable":true,"href":"https:\/\/engitech.az\/en\/wp-json\/wp\/v2\/comments?post=9730"}],"wp:featuredmedia":[{"embeddable":true,"href":"https:\/\/engitech.az\/en\/wp-json\/wp\/v2\/media\/9732"}],"wp:attachment":[{"href":"https:\/\/engitech.az\/en\/wp-json\/wp\/v2\/media?parent=9730"}],"wp:term":[{"taxonomy":"product_brand","embeddable":true,"href":"https:\/\/engitech.az\/en\/wp-json\/wp\/v2\/product_brand?post=9730"},{"taxonomy":"product_cat","embeddable":true,"href":"https:\/\/engitech.az\/en\/wp-json\/wp\/v2\/product_cat?post=9730"},{"taxonomy":"product_tag","embeddable":true,"href":"https:\/\/engitech.az\/en\/wp-json\/wp\/v2\/product_tag?post=9730"}],"curies":[{"name":"wp","href":"https:\/\/api.w.org\/{rel}","templated":true}]}}