{"id":9754,"date":"2026-01-29T11:39:30","date_gmt":"2026-01-29T11:39:30","guid":{"rendered":"https:\/\/engitech.az\/?post_type=product&#038;p=9754"},"modified":"2026-01-31T06:53:24","modified_gmt":"2026-01-31T06:53:24","slug":"e-line-e-box","status":"publish","type":"product","link":"https:\/\/engitech.az\/en\/product\/e-line-e-box\/","title":{"rendered":"E-Line E-Box"},"content":{"rendered":"<ul>\n<li data-start=\"2\" data-end=\"41\"><strong data-start=\"2\" data-end=\"10\">Type:<\/strong> Qura\u015fd\u0131rma \/ paylay\u0131c\u0131 E-Box<\/li>\n<li data-start=\"44\" data-end=\"97\"><strong data-start=\"44\" data-end=\"57\">Function:<\/strong> Kabel v\u0259 enerji x\u0259tl\u0259rini birl\u0259\u015fdirm\u0259<\/li>\n<li data-start=\"100\" data-end=\"142\"><strong data-start=\"100\" data-end=\"115\">Installation:<\/strong> Divar v\u0259 ya panel montaj<\/li>\n<li data-start=\"145\" data-end=\"186\"><strong data-start=\"145\" data-end=\"158\">Material:<\/strong> \u0130zolyasiya olunmu\u015f korpus<\/li>\n<li data-start=\"189\" data-end=\"236\"><strong data-start=\"189\" data-end=\"199\">Additional:<\/strong> AV v\u0259 elektrik sisteml\u0259ri \u00fc\u00e7\u00fcn uy\u011fun<\/li>\n<\/ul>","protected":false},"excerpt":{"rendered":"<p>Tip: Qura\u015fd\u0131rma \/ paylay\u0131c\u0131 E-Box Funksiya: Kabel v\u0259 enerji x\u0259tl\u0259rini  [&#8230;]<\/p>","protected":false},"featured_media":9755,"comment_status":"open","ping_status":"closed","template":"","meta":[],"product_brand":[],"product_cat":[290],"product_tag":[],"class_list":{"0":"post-9754","1":"product","2":"type-product","3":"status-publish","4":"has-post-thumbnail","6":"product_cat-eae-elektrik","7":"pa_mehsul-tipi-daxili-qurasdirma-hllri-mhsullari","9":"first","10":"instock","11":"sold-individually","12":"shipping-taxable","13":"purchasable","14":"product-type-simple"},"_links":{"self":[{"href":"https:\/\/engitech.az\/en\/wp-json\/wp\/v2\/product\/9754","targetHints":{"allow":["GET"]}}],"collection":[{"href":"https:\/\/engitech.az\/en\/wp-json\/wp\/v2\/product"}],"about":[{"href":"https:\/\/engitech.az\/en\/wp-json\/wp\/v2\/types\/product"}],"replies":[{"embeddable":true,"href":"https:\/\/engitech.az\/en\/wp-json\/wp\/v2\/comments?post=9754"}],"wp:featuredmedia":[{"embeddable":true,"href":"https:\/\/engitech.az\/en\/wp-json\/wp\/v2\/media\/9755"}],"wp:attachment":[{"href":"https:\/\/engitech.az\/en\/wp-json\/wp\/v2\/media?parent=9754"}],"wp:term":[{"taxonomy":"product_brand","embeddable":true,"href":"https:\/\/engitech.az\/en\/wp-json\/wp\/v2\/product_brand?post=9754"},{"taxonomy":"product_cat","embeddable":true,"href":"https:\/\/engitech.az\/en\/wp-json\/wp\/v2\/product_cat?post=9754"},{"taxonomy":"product_tag","embeddable":true,"href":"https:\/\/engitech.az\/en\/wp-json\/wp\/v2\/product_tag?post=9754"}],"curies":[{"name":"wp","href":"https:\/\/api.w.org\/{rel}","templated":true}]}}