{"id":9756,"date":"2026-01-29T11:43:24","date_gmt":"2026-01-29T11:43:24","guid":{"rendered":"https:\/\/engitech.az\/?post_type=product&#038;p=9756"},"modified":"2026-01-29T11:43:24","modified_gmt":"2026-01-29T11:43:24","slug":"dublin-busbar","status":"publish","type":"product","link":"https:\/\/engitech.az\/en\/product\/dublin-busbar\/","title":{"rendered":"Dublin Busbar"},"content":{"rendered":"<ul>\n<li data-start=\"2\" data-end=\"42\"><strong data-start=\"2\" data-end=\"10\">Type:<\/strong> Busbar (enerji d\u0259st\u0259k \u015finas\u0131)<\/li>\n<li data-start=\"45\" data-end=\"99\"><strong data-start=\"45\" data-end=\"58\">Function:<\/strong> Elektrik c\u0259r\u0259yan\u0131n\u0131 paylama v\u0259 toplama<\/li>\n<li data-start=\"102\" data-end=\"163\"><strong data-start=\"102\" data-end=\"115\">Usage:<\/strong> Panell\u0259r, kabinetl\u0259r v\u0259 sistem qura\u015fd\u0131rmalar\u0131<\/li>\n<li data-start=\"166\" data-end=\"217\"><strong data-start=\"166\" data-end=\"181\">Installation:<\/strong> Rack v\u0259 ya panel daxilind\u0259 montaj<\/li>\n<li data-start=\"220\" data-end=\"271\"><strong data-start=\"220\" data-end=\"233\">Material:<\/strong> Mis\/al\u00fcminium \u015fina (izolyasiya il\u0259)<\/li>\n<li data-start=\"274\" data-end=\"339\"><strong data-start=\"274\" data-end=\"284\">Additional:<\/strong> G\u00fcc sisteml\u0259ri \u00fc\u00e7\u00fcn t\u0259hl\u00fck\u0259siz v\u0259 standart enerji yolu<\/li>\n<\/ul>","protected":false},"excerpt":{"rendered":"<p>Tip: Busbar (enerji d\u0259st\u0259k \u015finas\u0131) Funksiya: Elektrik c\u0259r\u0259yan\u0131n\u0131 paylama v\u0259  [&#8230;]<\/p>","protected":false},"featured_media":9761,"comment_status":"open","ping_status":"closed","template":"","meta":[],"product_brand":[],"product_cat":[290],"product_tag":[],"class_list":{"0":"post-9756","1":"product","2":"type-product","3":"status-publish","4":"has-post-thumbnail","6":"product_cat-eae-elektrik","7":"pa_mehsul-tipi-daxili-qurasdirma-hllri-mhsullari","9":"first","10":"instock","11":"sold-individually","12":"shipping-taxable","13":"purchasable","14":"product-type-simple"},"_links":{"self":[{"href":"https:\/\/engitech.az\/en\/wp-json\/wp\/v2\/product\/9756","targetHints":{"allow":["GET"]}}],"collection":[{"href":"https:\/\/engitech.az\/en\/wp-json\/wp\/v2\/product"}],"about":[{"href":"https:\/\/engitech.az\/en\/wp-json\/wp\/v2\/types\/product"}],"replies":[{"embeddable":true,"href":"https:\/\/engitech.az\/en\/wp-json\/wp\/v2\/comments?post=9756"}],"wp:featuredmedia":[{"embeddable":true,"href":"https:\/\/engitech.az\/en\/wp-json\/wp\/v2\/media\/9761"}],"wp:attachment":[{"href":"https:\/\/engitech.az\/en\/wp-json\/wp\/v2\/media?parent=9756"}],"wp:term":[{"taxonomy":"product_brand","embeddable":true,"href":"https:\/\/engitech.az\/en\/wp-json\/wp\/v2\/product_brand?post=9756"},{"taxonomy":"product_cat","embeddable":true,"href":"https:\/\/engitech.az\/en\/wp-json\/wp\/v2\/product_cat?post=9756"},{"taxonomy":"product_tag","embeddable":true,"href":"https:\/\/engitech.az\/en\/wp-json\/wp\/v2\/product_tag?post=9756"}],"curies":[{"name":"wp","href":"https:\/\/api.w.org\/{rel}","templated":true}]}}