{"id":9764,"date":"2026-01-29T11:46:39","date_gmt":"2026-01-29T11:46:39","guid":{"rendered":"https:\/\/engitech.az\/?post_type=product&#038;p=9764"},"modified":"2026-01-29T11:46:39","modified_gmt":"2026-01-29T11:46:39","slug":"e-line-n-min","status":"publish","type":"product","link":"https:\/\/engitech.az\/en\/product\/e-line-n-min\/","title":{"rendered":"E-Line N-DK"},"content":{"rendered":"<ul>\n<li data-start=\"2\" data-end=\"51\"><strong data-start=\"2\" data-end=\"10\">Type:<\/strong> Kabel d\u0259st\u0259k \/ enerji paylay\u0131c\u0131 profil<\/li>\n<li data-start=\"54\" data-end=\"94\"><strong data-start=\"54\" data-end=\"67\">Function:<\/strong> Kabel idar\u0259si v\u0259 d\u0259st\u0259yi<\/li>\n<li data-start=\"97\" data-end=\"138\"><strong data-start=\"97\" data-end=\"112\">Installation:<\/strong> Rack v\u0259 ya panel montaj<\/li>\n<li data-start=\"141\" data-end=\"209\"><strong data-start=\"141\" data-end=\"151\">Additional:<\/strong> AV v\u0259 elektrik kabell\u0259ri \u00fc\u00e7\u00fcn t\u0259hl\u00fck\u0259siz v\u0259 s\u0259liq\u0259li h\u0259ll<\/li>\n<\/ul>","protected":false},"excerpt":{"rendered":"<p>Tip: Kabel d\u0259st\u0259k \/ enerji paylay\u0131c\u0131 profil Funksiya: Kabel idar\u0259si  [&#8230;]<\/p>","protected":false},"featured_media":9769,"comment_status":"open","ping_status":"closed","template":"","meta":[],"product_brand":[],"product_cat":[290],"product_tag":[],"class_list":{"0":"post-9764","1":"product","2":"type-product","3":"status-publish","4":"has-post-thumbnail","6":"product_cat-eae-elektrik","7":"pa_mehsul-tipi-daxili-qurasdirma-hllri-mhsullari","9":"first","10":"instock","11":"sold-individually","12":"shipping-taxable","13":"purchasable","14":"product-type-simple"},"_links":{"self":[{"href":"https:\/\/engitech.az\/en\/wp-json\/wp\/v2\/product\/9764","targetHints":{"allow":["GET"]}}],"collection":[{"href":"https:\/\/engitech.az\/en\/wp-json\/wp\/v2\/product"}],"about":[{"href":"https:\/\/engitech.az\/en\/wp-json\/wp\/v2\/types\/product"}],"replies":[{"embeddable":true,"href":"https:\/\/engitech.az\/en\/wp-json\/wp\/v2\/comments?post=9764"}],"wp:featuredmedia":[{"embeddable":true,"href":"https:\/\/engitech.az\/en\/wp-json\/wp\/v2\/media\/9769"}],"wp:attachment":[{"href":"https:\/\/engitech.az\/en\/wp-json\/wp\/v2\/media?parent=9764"}],"wp:term":[{"taxonomy":"product_brand","embeddable":true,"href":"https:\/\/engitech.az\/en\/wp-json\/wp\/v2\/product_brand?post=9764"},{"taxonomy":"product_cat","embeddable":true,"href":"https:\/\/engitech.az\/en\/wp-json\/wp\/v2\/product_cat?post=9764"},{"taxonomy":"product_tag","embeddable":true,"href":"https:\/\/engitech.az\/en\/wp-json\/wp\/v2\/product_tag?post=9764"}],"curies":[{"name":"wp","href":"https:\/\/api.w.org\/{rel}","templated":true}]}}