{"id":9778,"date":"2026-01-29T12:37:27","date_gmt":"2026-01-29T12:37:27","guid":{"rendered":"https:\/\/engitech.az\/?post_type=product&#038;p=9778"},"modified":"2026-01-30T06:37:18","modified_gmt":"2026-01-30T06:37:18","slug":"e-line-cam-cap-busbar","status":"publish","type":"product","link":"https:\/\/engitech.az\/en\/product\/e-line-cam-cap-busbar\/","title":{"rendered":"E-Line KAM-KAP Busbar"},"content":{"rendered":"<div class=\"text-base my-auto mx-auto pb-10 [--thread-content-margin:--spacing(4)] @w-sm\/main:[--thread-content-margin:--spacing(6)] @w-lg\/main:[--thread-content-margin:--spacing(16)] px-(--thread-content-margin)\">\n<div class=\"[--thread-content-max-width:40rem] @w-lg\/main:[--thread-content-max-width:48rem] mx-auto max-w-(--thread-content-max-width) flex-1 group\/turn-messages focus-visible:outline-hidden relative flex w-full min-w-0 flex-col agent-turn\" tabindex=\"-1\">\n<div class=\"flex max-w-full flex-col grow\">\n<div class=\"min-h-8 text-message relative flex w-full flex-col items-end gap-2 text-start break-words whitespace-normal [.text-message+&amp;]:mt-1\" dir=\"auto\" data-message-author-role=\"assistant\" data-message-id=\"a420a113-3664-4dce-a794-24aa2d2863d3\" data-message-model-slug=\"gpt-5-2\">\n<div class=\"flex w-full flex-col gap-1 empty:hidden first:pt-[1px]\">\n<div class=\"markdown prose dark:prose-invert w-full wrap-break-word dark markdown-new-styling\">\n<ul>\n<li data-start=\"2\" data-end=\"52\"><strong data-start=\"2\" data-end=\"10\">Type:<\/strong> Busbar (enerji \/ kabel paylay\u0131c\u0131 modul)<\/li>\n<li data-start=\"55\" data-end=\"106\"><strong data-start=\"55\" data-end=\"68\">Function:<\/strong> Enerji v\u0259 siqnal yollar\u0131n\u0131 paylay\u0131r<\/li>\n<li data-start=\"109\" data-end=\"157\"><strong data-start=\"109\" data-end=\"124\">Installation:<\/strong> Rack v\u0259 panel daxilind\u0259 montaj<\/li>\n<li data-start=\"160\" data-end=\"231\"><strong data-start=\"160\" data-end=\"170\">Additional:<\/strong> AV v\u0259 elektrik sisteml\u0259ri \u00fc\u00e7\u00fcn standart enerji paylama h\u0259lli<\/li>\n<\/ul>\n<\/div>\n<\/div>\n<\/div>\n<\/div>\n<\/div>\n<\/div>","protected":false},"excerpt":{"rendered":"<p>Tip: Busbar (enerji \/ kabel paylay\u0131c\u0131 modul) Funksiya: Enerji v\u0259  [&#8230;]<\/p>","protected":false},"featured_media":9780,"comment_status":"open","ping_status":"closed","template":"","meta":[],"product_brand":[],"product_cat":[290],"product_tag":[],"class_list":{"0":"post-9778","1":"product","2":"type-product","3":"status-publish","4":"has-post-thumbnail","6":"product_cat-eae-elektrik","7":"pa_mehsul-tipi-daxili-qurasdirma-hllri-mhsullari","9":"first","10":"instock","11":"sold-individually","12":"shipping-taxable","13":"purchasable","14":"product-type-simple"},"_links":{"self":[{"href":"https:\/\/engitech.az\/en\/wp-json\/wp\/v2\/product\/9778","targetHints":{"allow":["GET"]}}],"collection":[{"href":"https:\/\/engitech.az\/en\/wp-json\/wp\/v2\/product"}],"about":[{"href":"https:\/\/engitech.az\/en\/wp-json\/wp\/v2\/types\/product"}],"replies":[{"embeddable":true,"href":"https:\/\/engitech.az\/en\/wp-json\/wp\/v2\/comments?post=9778"}],"wp:featuredmedia":[{"embeddable":true,"href":"https:\/\/engitech.az\/en\/wp-json\/wp\/v2\/media\/9780"}],"wp:attachment":[{"href":"https:\/\/engitech.az\/en\/wp-json\/wp\/v2\/media?parent=9778"}],"wp:term":[{"taxonomy":"product_brand","embeddable":true,"href":"https:\/\/engitech.az\/en\/wp-json\/wp\/v2\/product_brand?post=9778"},{"taxonomy":"product_cat","embeddable":true,"href":"https:\/\/engitech.az\/en\/wp-json\/wp\/v2\/product_cat?post=9778"},{"taxonomy":"product_tag","embeddable":true,"href":"https:\/\/engitech.az\/en\/wp-json\/wp\/v2\/product_tag?post=9778"}],"curies":[{"name":"wp","href":"https:\/\/api.w.org\/{rel}","templated":true}]}}