{"id":9789,"date":"2026-01-29T12:43:33","date_gmt":"2026-01-29T12:43:33","guid":{"rendered":"https:\/\/engitech.az\/?post_type=product&#038;p=9789"},"modified":"2026-01-29T12:43:33","modified_gmt":"2026-01-29T12:43:33","slug":"e-line-multibox","status":"publish","type":"product","link":"https:\/\/engitech.az\/en\/product\/e-line-multibox\/","title":{"rendered":"E-Line Multibox"},"content":{"rendered":"<ul>\n<li data-start=\"2\" data-end=\"66\"><strong data-start=\"2\" data-end=\"10\">Type:<\/strong> Kombin\u0259 olunmu\u015f <strong data-start=\"27\" data-end=\"53\" data-is-only-node=\"\">s\u0131\u011forta v\u0259 priz qutusu<\/strong> (Multibox)<\/li>\n<li data-start=\"69\" data-end=\"144\"><strong data-start=\"69\" data-end=\"82\">Function:<\/strong> Enerji prizl\u0259ri + qoruyucu s\u0131\u011fortalar birl\u0259\u015fdirilmi\u015f sistem<\/li>\n<li data-start=\"147\" data-end=\"196\"><strong data-start=\"147\" data-end=\"162\">Installation:<\/strong> Rack \/ panel v\u0259 ya divar montaj<\/li>\n<li data-start=\"199\" data-end=\"291\"><strong data-start=\"199\" data-end=\"209\">Additional:<\/strong> AV v\u0259 elektrik sisteml\u0259ri \u00fc\u00e7\u00fcn <strong data-start=\"241\" data-end=\"265\" data-is-only-node=\"\">priz + s\u0131\u011forta h\u0259lli<\/strong> (t\u0259\u015fkilat v\u0259 qoruma \u00fc\u00e7\u00fcn)<\/li>\n<\/ul>","protected":false},"excerpt":{"rendered":"<p>Tip: Kombin\u0259 olunmu\u015f s\u0131\u011forta v\u0259 priz qutusu (Multibox) Funksiya: Enerji  [&#8230;]<\/p>","protected":false},"featured_media":9794,"comment_status":"open","ping_status":"closed","template":"","meta":[],"product_brand":[],"product_cat":[290],"product_tag":[],"class_list":{"0":"post-9789","1":"product","2":"type-product","3":"status-publish","4":"has-post-thumbnail","6":"product_cat-eae-elektrik","7":"pa_mehsul-tipi-daxili-qurasdirma-hllri-mhsullari","9":"first","10":"instock","11":"sold-individually","12":"shipping-taxable","13":"purchasable","14":"product-type-simple"},"_links":{"self":[{"href":"https:\/\/engitech.az\/en\/wp-json\/wp\/v2\/product\/9789","targetHints":{"allow":["GET"]}}],"collection":[{"href":"https:\/\/engitech.az\/en\/wp-json\/wp\/v2\/product"}],"about":[{"href":"https:\/\/engitech.az\/en\/wp-json\/wp\/v2\/types\/product"}],"replies":[{"embeddable":true,"href":"https:\/\/engitech.az\/en\/wp-json\/wp\/v2\/comments?post=9789"}],"wp:featuredmedia":[{"embeddable":true,"href":"https:\/\/engitech.az\/en\/wp-json\/wp\/v2\/media\/9794"}],"wp:attachment":[{"href":"https:\/\/engitech.az\/en\/wp-json\/wp\/v2\/media?parent=9789"}],"wp:term":[{"taxonomy":"product_brand","embeddable":true,"href":"https:\/\/engitech.az\/en\/wp-json\/wp\/v2\/product_brand?post=9789"},{"taxonomy":"product_cat","embeddable":true,"href":"https:\/\/engitech.az\/en\/wp-json\/wp\/v2\/product_cat?post=9789"},{"taxonomy":"product_tag","embeddable":true,"href":"https:\/\/engitech.az\/en\/wp-json\/wp\/v2\/product_tag?post=9789"}],"curies":[{"name":"wp","href":"https:\/\/api.w.org\/{rel}","templated":true}]}}