{"id":9795,"date":"2026-01-29T12:58:59","date_gmt":"2026-01-29T12:58:59","guid":{"rendered":"https:\/\/engitech.az\/?post_type=product&#038;p=9795"},"modified":"2026-01-30T06:36:48","modified_gmt":"2026-01-30T06:36:48","slug":"e-line-tb-trolley-busbar","status":"publish","type":"product","link":"https:\/\/engitech.az\/en\/product\/e-line-tb-trolley-busbar\/","title":{"rendered":"E-Line TB Trolley Busbar"},"content":{"rendered":"<ul>\n<li data-start=\"2\" data-end=\"71\"><strong data-start=\"2\" data-end=\"10\">Type:<\/strong> Trolley Busbar (enerji v\u0259 kabel paylay\u0131c\u0131 Trolley sistemi)<\/li>\n<li data-start=\"74\" data-end=\"150\"><strong data-start=\"74\" data-end=\"87\">Function:<\/strong> AV v\u0259 elektrik kabell\u0259ri \u00fc\u00e7\u00fcn <strong data-start=\"118\" data-end=\"142\" data-is-only-node=\"\">trolley tipli busbar<\/strong> h\u0259lli<\/li>\n<li data-start=\"153\" data-end=\"214\"><strong data-start=\"153\" data-end=\"168\">Installation:<\/strong> Rack, panel v\u0259 ya struktur daxilind\u0259 montaj<\/li>\n<li data-start=\"217\" data-end=\"368\"><strong data-start=\"217\" data-end=\"227\">Additional:<\/strong> AV\/elektrik sisteml\u0259ri \u00fc\u00e7\u00fcn t\u0259hl\u00fck\u0259siz enerji v\u0259 siqnal paylanmas\u0131, s\u00fcr\u00fc\u015fd\u00fcr\u00fcl\u0259 bil\u0259n trolley konsepti il\u0259 rahat qura\u015fd\u0131rma v\u0259 xidm\u0259t imkan\u0131<\/li>\n<\/ul>","protected":false},"excerpt":{"rendered":"<p>Tip: Trolley Busbar (enerji v\u0259 kabel paylay\u0131c\u0131 Trolley sistemi) Funksiya:  [&#8230;]<\/p>","protected":false},"featured_media":9806,"comment_status":"open","ping_status":"closed","template":"","meta":[],"product_brand":[],"product_cat":[290],"product_tag":[],"class_list":{"0":"post-9795","1":"product","2":"type-product","3":"status-publish","4":"has-post-thumbnail","6":"product_cat-eae-elektrik","7":"pa_mehsul-tipi-trolley-busbar-novlri","9":"first","10":"instock","11":"sold-individually","12":"shipping-taxable","13":"purchasable","14":"product-type-simple"},"_links":{"self":[{"href":"https:\/\/engitech.az\/en\/wp-json\/wp\/v2\/product\/9795","targetHints":{"allow":["GET"]}}],"collection":[{"href":"https:\/\/engitech.az\/en\/wp-json\/wp\/v2\/product"}],"about":[{"href":"https:\/\/engitech.az\/en\/wp-json\/wp\/v2\/types\/product"}],"replies":[{"embeddable":true,"href":"https:\/\/engitech.az\/en\/wp-json\/wp\/v2\/comments?post=9795"}],"wp:featuredmedia":[{"embeddable":true,"href":"https:\/\/engitech.az\/en\/wp-json\/wp\/v2\/media\/9806"}],"wp:attachment":[{"href":"https:\/\/engitech.az\/en\/wp-json\/wp\/v2\/media?parent=9795"}],"wp:term":[{"taxonomy":"product_brand","embeddable":true,"href":"https:\/\/engitech.az\/en\/wp-json\/wp\/v2\/product_brand?post=9795"},{"taxonomy":"product_cat","embeddable":true,"href":"https:\/\/engitech.az\/en\/wp-json\/wp\/v2\/product_cat?post=9795"},{"taxonomy":"product_tag","embeddable":true,"href":"https:\/\/engitech.az\/en\/wp-json\/wp\/v2\/product_tag?post=9795"}],"curies":[{"name":"wp","href":"https:\/\/api.w.org\/{rel}","templated":true}]}}