{"id":9813,"date":"2026-01-30T05:24:37","date_gmt":"2026-01-30T05:24:37","guid":{"rendered":"https:\/\/engitech.az\/?post_type=product&#038;p=9813"},"modified":"2026-01-30T06:36:12","modified_gmt":"2026-01-30T06:36:12","slug":"e-line-urc-1-urc-1-x-trolley-busbar","status":"publish","type":"product","link":"https:\/\/engitech.az\/en\/product\/e-line-urc-1-urc-1-x-trolley-busbar\/","title":{"rendered":"E-Line URC-1 &amp; URC-1-X Trolley Busbar"},"content":{"rendered":"<ul>\n<li data-start=\"2\" data-end=\"27\"><strong data-start=\"2\" data-end=\"10\" data-is-only-node=\"\">Type:<\/strong> Trolley Busbar<\/li>\n<li data-start=\"30\" data-end=\"63\"><strong data-start=\"30\" data-end=\"43\" data-is-only-node=\"\">Function:<\/strong> Enerji paylanmas\u0131<\/li>\n<li data-start=\"66\" data-end=\"99\"><strong data-start=\"66\" data-end=\"81\" data-is-only-node=\"\">Installation:<\/strong> Struktur montaj<\/li>\n<li data-start=\"102\" data-end=\"151\"><strong data-start=\"102\" data-end=\"112\" data-is-only-node=\"\">Additional:<\/strong> S\u00fcr\u00fc\u015fd\u00fcr\u00fcl\u0259 bil\u0259n \u00e7\u0131x\u0131\u015f, rahat qo\u015fulma<\/li>\n<\/ul>","protected":false},"excerpt":{"rendered":"<p>Tip: Trolley Busbar Funksiya: Enerji paylanmas\u0131 Qura\u015fd\u0131rma: Struktur montaj \u018flav\u0259:  [&#8230;]<\/p>","protected":false},"featured_media":9819,"comment_status":"open","ping_status":"closed","template":"","meta":[],"product_brand":[],"product_cat":[290],"product_tag":[],"class_list":{"0":"post-9813","1":"product","2":"type-product","3":"status-publish","4":"has-post-thumbnail","6":"product_cat-eae-elektrik","7":"pa_mehsul-tipi-trolley-busbar-novlri","9":"first","10":"instock","11":"sold-individually","12":"shipping-taxable","13":"purchasable","14":"product-type-simple"},"_links":{"self":[{"href":"https:\/\/engitech.az\/en\/wp-json\/wp\/v2\/product\/9813","targetHints":{"allow":["GET"]}}],"collection":[{"href":"https:\/\/engitech.az\/en\/wp-json\/wp\/v2\/product"}],"about":[{"href":"https:\/\/engitech.az\/en\/wp-json\/wp\/v2\/types\/product"}],"replies":[{"embeddable":true,"href":"https:\/\/engitech.az\/en\/wp-json\/wp\/v2\/comments?post=9813"}],"wp:featuredmedia":[{"embeddable":true,"href":"https:\/\/engitech.az\/en\/wp-json\/wp\/v2\/media\/9819"}],"wp:attachment":[{"href":"https:\/\/engitech.az\/en\/wp-json\/wp\/v2\/media?parent=9813"}],"wp:term":[{"taxonomy":"product_brand","embeddable":true,"href":"https:\/\/engitech.az\/en\/wp-json\/wp\/v2\/product_brand?post=9813"},{"taxonomy":"product_cat","embeddable":true,"href":"https:\/\/engitech.az\/en\/wp-json\/wp\/v2\/product_cat?post=9813"},{"taxonomy":"product_tag","embeddable":true,"href":"https:\/\/engitech.az\/en\/wp-json\/wp\/v2\/product_tag?post=9813"}],"curies":[{"name":"wp","href":"https:\/\/api.w.org\/{rel}","templated":true}]}}