{"id":9820,"date":"2026-01-30T05:29:44","date_gmt":"2026-01-30T05:29:44","guid":{"rendered":"https:\/\/engitech.az\/?post_type=product&#038;p=9820"},"modified":"2026-01-30T06:35:53","modified_gmt":"2026-01-30T06:35:53","slug":"e-line-aa","status":"publish","type":"product","link":"https:\/\/engitech.az\/en\/product\/e-line-aa\/","title":{"rendered":"E-Line AA"},"content":{"rendered":"<ul>\n<li data-start=\"2\" data-end=\"47\"><strong data-start=\"2\" data-end=\"10\">Type:<\/strong> E-Line A-A busbar \/ enerji profili<\/li>\n<li data-start=\"50\" data-end=\"92\"><strong data-start=\"50\" data-end=\"63\">Function:<\/strong> Enerji v\u0259 kabel paylanmas\u0131<\/li>\n<li data-start=\"95\" data-end=\"139\"><strong data-start=\"95\" data-end=\"110\">Installation:<\/strong> Rack v\u0259 ya struktur montaj<\/li>\n<li data-start=\"142\" data-end=\"204\"><strong data-start=\"142\" data-end=\"152\">Additional:<\/strong> AV v\u0259 elektrik sisteml\u0259ri \u00fc\u00e7\u00fcn standart enerji yolu<\/li>\n<\/ul>","protected":false},"excerpt":{"rendered":"<p>Tip: E-Line A-A busbar \/ enerji profili Funksiya: Enerji v\u0259  [&#8230;]<\/p>","protected":false},"featured_media":9828,"comment_status":"open","ping_status":"closed","template":"","meta":[],"product_brand":[],"product_cat":[290],"product_tag":[],"class_list":{"0":"post-9820","1":"product","2":"type-product","3":"status-publish","4":"has-post-thumbnail","6":"product_cat-eae-elektrik","7":"pa_mehsul-tipi-kabel-kanali-novlri","9":"first","10":"instock","11":"sold-individually","12":"shipping-taxable","13":"purchasable","14":"product-type-simple"},"_links":{"self":[{"href":"https:\/\/engitech.az\/en\/wp-json\/wp\/v2\/product\/9820","targetHints":{"allow":["GET"]}}],"collection":[{"href":"https:\/\/engitech.az\/en\/wp-json\/wp\/v2\/product"}],"about":[{"href":"https:\/\/engitech.az\/en\/wp-json\/wp\/v2\/types\/product"}],"replies":[{"embeddable":true,"href":"https:\/\/engitech.az\/en\/wp-json\/wp\/v2\/comments?post=9820"}],"wp:featuredmedia":[{"embeddable":true,"href":"https:\/\/engitech.az\/en\/wp-json\/wp\/v2\/media\/9828"}],"wp:attachment":[{"href":"https:\/\/engitech.az\/en\/wp-json\/wp\/v2\/media?parent=9820"}],"wp:term":[{"taxonomy":"product_brand","embeddable":true,"href":"https:\/\/engitech.az\/en\/wp-json\/wp\/v2\/product_brand?post=9820"},{"taxonomy":"product_cat","embeddable":true,"href":"https:\/\/engitech.az\/en\/wp-json\/wp\/v2\/product_cat?post=9820"},{"taxonomy":"product_tag","embeddable":true,"href":"https:\/\/engitech.az\/en\/wp-json\/wp\/v2\/product_tag?post=9820"}],"curies":[{"name":"wp","href":"https:\/\/api.w.org\/{rel}","templated":true}]}}