{"id":9829,"date":"2026-01-30T05:32:16","date_gmt":"2026-01-30T05:32:16","guid":{"rendered":"https:\/\/engitech.az\/?post_type=product&#038;p=9829"},"modified":"2026-01-30T06:34:21","modified_gmt":"2026-01-30T06:34:21","slug":"e-line-double-suspension-systems","status":"publish","type":"product","link":"https:\/\/engitech.az\/en\/product\/e-line-double-suspension-systems\/","title":{"rendered":"E-Line Binrak Suspension Systems"},"content":{"rendered":"<ul>\n<li><strong data-start=\"2\" data-end=\"10\" data-is-only-node=\"\">Type:<\/strong> Ask\u0131 sistemi<\/li>\n<li><strong data-start=\"28\" data-end=\"41\" data-is-only-node=\"\">Function:<\/strong> Avadanl\u0131q v\u0259 kabel as\u0131lmas\u0131<\/li>\n<li><strong data-start=\"74\" data-end=\"89\" data-is-only-node=\"\">Installation:<\/strong> Struktur montaj<\/li>\n<li><strong data-start=\"110\" data-end=\"120\" data-is-only-node=\"\">Additional:<\/strong> S\u0259liq\u0259li v\u0259 t\u0259hl\u00fck\u0259siz qura\u015fd\u0131rma \u00fc\u00e7\u00fcn uy\u011fun<\/li>\n<\/ul>","protected":false},"excerpt":{"rendered":"<p>Tip: Ask\u0131 sistemi Funksiya: Avadanl\u0131q v\u0259 kabel as\u0131lmas\u0131 Qura\u015fd\u0131rma: Struktur  [&#8230;]<\/p>","protected":false},"featured_media":9831,"comment_status":"open","ping_status":"closed","template":"","meta":[],"product_brand":[],"product_cat":[290],"product_tag":[],"class_list":{"0":"post-9829","1":"product","2":"type-product","3":"status-publish","4":"has-post-thumbnail","6":"product_cat-eae-elektrik","7":"pa_mehsul-tipi-kabel-kanali-novlri","9":"first","10":"instock","11":"sold-individually","12":"shipping-taxable","13":"purchasable","14":"product-type-simple"},"_links":{"self":[{"href":"https:\/\/engitech.az\/en\/wp-json\/wp\/v2\/product\/9829","targetHints":{"allow":["GET"]}}],"collection":[{"href":"https:\/\/engitech.az\/en\/wp-json\/wp\/v2\/product"}],"about":[{"href":"https:\/\/engitech.az\/en\/wp-json\/wp\/v2\/types\/product"}],"replies":[{"embeddable":true,"href":"https:\/\/engitech.az\/en\/wp-json\/wp\/v2\/comments?post=9829"}],"wp:featuredmedia":[{"embeddable":true,"href":"https:\/\/engitech.az\/en\/wp-json\/wp\/v2\/media\/9831"}],"wp:attachment":[{"href":"https:\/\/engitech.az\/en\/wp-json\/wp\/v2\/media?parent=9829"}],"wp:term":[{"taxonomy":"product_brand","embeddable":true,"href":"https:\/\/engitech.az\/en\/wp-json\/wp\/v2\/product_brand?post=9829"},{"taxonomy":"product_cat","embeddable":true,"href":"https:\/\/engitech.az\/en\/wp-json\/wp\/v2\/product_cat?post=9829"},{"taxonomy":"product_tag","embeddable":true,"href":"https:\/\/engitech.az\/en\/wp-json\/wp\/v2\/product_tag?post=9829"}],"curies":[{"name":"wp","href":"https:\/\/api.w.org\/{rel}","templated":true}]}}