{"id":9832,"date":"2026-01-30T05:58:16","date_gmt":"2026-01-30T05:58:16","guid":{"rendered":"https:\/\/engitech.az\/?post_type=product&#038;p=9832"},"modified":"2026-01-30T06:34:03","modified_gmt":"2026-01-30T06:34:03","slug":"e-line-uk-cable-channels","status":"publish","type":"product","link":"https:\/\/engitech.az\/en\/product\/e-line-uk-cable-channels\/","title":{"rendered":"E-Line UK Cable Channels"},"content":{"rendered":"<ul>\n<li data-start=\"2\" data-end=\"36\"><strong data-start=\"2\" data-end=\"10\">Type:<\/strong> Kabel kanallar\u0131 sistemi<\/li>\n<li data-start=\"39\" data-end=\"105\"><strong data-start=\"39\" data-end=\"52\">Function:<\/strong> AV v\u0259 elektrik kabell\u0259rini y\u00f6nl\u0259ndirm\u0259k v\u0259 qorumaq<\/li>\n<li data-start=\"108\" data-end=\"149\"><strong data-start=\"108\" data-end=\"123\">Installation:<\/strong> Divar \/ struktur montaj<\/li>\n<li data-start=\"152\" data-end=\"215\"><strong data-start=\"152\" data-end=\"162\">Additional:<\/strong> S\u0259liq\u0259li v\u0259 t\u0259hl\u00fck\u0259siz kabel idar\u0259si \u00fc\u00e7\u00fcn uy\u011fun h\u0259ll<\/li>\n<\/ul>","protected":false},"excerpt":{"rendered":"<p>Tip: Kabel kanallar\u0131 sistemi Funksiya: AV v\u0259 elektrik kabell\u0259rini y\u00f6nl\u0259ndirm\u0259k  [&#8230;]<\/p>","protected":false},"featured_media":9838,"comment_status":"open","ping_status":"closed","template":"","meta":[],"product_brand":[],"product_cat":[290],"product_tag":[],"class_list":{"0":"post-9832","1":"product","2":"type-product","3":"status-publish","4":"has-post-thumbnail","6":"product_cat-eae-elektrik","7":"pa_mehsul-tipi-kabel-kanali-novlri","9":"first","10":"instock","11":"sold-individually","12":"shipping-taxable","13":"purchasable","14":"product-type-simple"},"_links":{"self":[{"href":"https:\/\/engitech.az\/en\/wp-json\/wp\/v2\/product\/9832","targetHints":{"allow":["GET"]}}],"collection":[{"href":"https:\/\/engitech.az\/en\/wp-json\/wp\/v2\/product"}],"about":[{"href":"https:\/\/engitech.az\/en\/wp-json\/wp\/v2\/types\/product"}],"replies":[{"embeddable":true,"href":"https:\/\/engitech.az\/en\/wp-json\/wp\/v2\/comments?post=9832"}],"wp:featuredmedia":[{"embeddable":true,"href":"https:\/\/engitech.az\/en\/wp-json\/wp\/v2\/media\/9838"}],"wp:attachment":[{"href":"https:\/\/engitech.az\/en\/wp-json\/wp\/v2\/media?parent=9832"}],"wp:term":[{"taxonomy":"product_brand","embeddable":true,"href":"https:\/\/engitech.az\/en\/wp-json\/wp\/v2\/product_brand?post=9832"},{"taxonomy":"product_cat","embeddable":true,"href":"https:\/\/engitech.az\/en\/wp-json\/wp\/v2\/product_cat?post=9832"},{"taxonomy":"product_tag","embeddable":true,"href":"https:\/\/engitech.az\/en\/wp-json\/wp\/v2\/product_tag?post=9832"}],"curies":[{"name":"wp","href":"https:\/\/api.w.org\/{rel}","templated":true}]}}