{"id":9841,"date":"2026-01-30T06:00:39","date_gmt":"2026-01-30T06:00:39","guid":{"rendered":"https:\/\/engitech.az\/?post_type=product&#038;p=9841"},"modified":"2026-01-30T06:33:47","modified_gmt":"2026-01-30T06:33:47","slug":"e-line-tks-cable-channel","status":"publish","type":"product","link":"https:\/\/engitech.az\/en\/product\/e-line-tks-cable-channel\/","title":{"rendered":"E-Line TKS Cable Duct"},"content":{"rendered":"<ul>\n<li data-start=\"2\" data-end=\"25\"><strong data-start=\"2\" data-end=\"10\">Type:<\/strong> Kabel kanal\u0131<\/li>\n<li data-start=\"28\" data-end=\"94\"><strong data-start=\"28\" data-end=\"41\">Function:<\/strong> AV v\u0259 elektrik kabell\u0259rini y\u00f6nl\u0259ndirm\u0259k v\u0259 qorumaq<\/li>\n<li data-start=\"97\" data-end=\"138\"><strong data-start=\"97\" data-end=\"112\">Installation:<\/strong> Divar \/ struktur montaj<\/li>\n<li data-start=\"141\" data-end=\"204\"><strong data-start=\"141\" data-end=\"151\">Additional:<\/strong> S\u0259liq\u0259li v\u0259 t\u0259hl\u00fck\u0259siz kabel idar\u0259si \u00fc\u00e7\u00fcn uy\u011fun h\u0259ll<\/li>\n<\/ul>","protected":false},"excerpt":{"rendered":"<p>Tip: Kabel kanal\u0131 Funksiya: AV v\u0259 elektrik kabell\u0259rini y\u00f6nl\u0259ndirm\u0259k v\u0259  [&#8230;]<\/p>","protected":false},"featured_media":9844,"comment_status":"open","ping_status":"closed","template":"","meta":[],"product_brand":[],"product_cat":[290],"product_tag":[],"class_list":{"0":"post-9841","1":"product","2":"type-product","3":"status-publish","4":"has-post-thumbnail","6":"product_cat-eae-elektrik","7":"pa_mehsul-tipi-kabel-kanali-novlri","9":"first","10":"instock","11":"sold-individually","12":"shipping-taxable","13":"purchasable","14":"product-type-simple"},"_links":{"self":[{"href":"https:\/\/engitech.az\/en\/wp-json\/wp\/v2\/product\/9841","targetHints":{"allow":["GET"]}}],"collection":[{"href":"https:\/\/engitech.az\/en\/wp-json\/wp\/v2\/product"}],"about":[{"href":"https:\/\/engitech.az\/en\/wp-json\/wp\/v2\/types\/product"}],"replies":[{"embeddable":true,"href":"https:\/\/engitech.az\/en\/wp-json\/wp\/v2\/comments?post=9841"}],"wp:featuredmedia":[{"embeddable":true,"href":"https:\/\/engitech.az\/en\/wp-json\/wp\/v2\/media\/9844"}],"wp:attachment":[{"href":"https:\/\/engitech.az\/en\/wp-json\/wp\/v2\/media?parent=9841"}],"wp:term":[{"taxonomy":"product_brand","embeddable":true,"href":"https:\/\/engitech.az\/en\/wp-json\/wp\/v2\/product_brand?post=9841"},{"taxonomy":"product_cat","embeddable":true,"href":"https:\/\/engitech.az\/en\/wp-json\/wp\/v2\/product_cat?post=9841"},{"taxonomy":"product_tag","embeddable":true,"href":"https:\/\/engitech.az\/en\/wp-json\/wp\/v2\/product_tag?post=9841"}],"curies":[{"name":"wp","href":"https:\/\/api.w.org\/{rel}","templated":true}]}}