{"id":9845,"date":"2026-01-30T06:03:24","date_gmt":"2026-01-30T06:03:24","guid":{"rendered":"https:\/\/engitech.az\/?post_type=product&#038;p=9845"},"modified":"2026-01-30T06:32:47","modified_gmt":"2026-01-30T06:32:47","slug":"e-line-km-kme-cable-ladder","status":"publish","type":"product","link":"https:\/\/engitech.az\/en\/product\/e-line-km-kme-cable-ladder\/","title":{"rendered":"E-Line KM-KME Cable Ladder"},"content":{"rendered":"<ul>\n<li data-start=\"2\" data-end=\"28\"><strong data-start=\"2\" data-end=\"10\" data-is-only-node=\"\">Type:<\/strong> Kabel merdiveni<\/li>\n<li data-start=\"31\" data-end=\"78\"><strong data-start=\"31\" data-end=\"44\" data-is-only-node=\"\">Function:<\/strong> Kabell\u0259rin da\u015f\u0131nmas\u0131 v\u0259 d\u0259st\u0259yi<\/li>\n<li data-start=\"81\" data-end=\"114\"><strong data-start=\"81\" data-end=\"96\" data-is-only-node=\"\">Installation:<\/strong> Struktur montaj<\/li>\n<li data-start=\"117\" data-end=\"171\"><strong data-start=\"117\" data-end=\"127\" data-is-only-node=\"\">Additional:<\/strong> M\u00f6hk\u0259m v\u0259 s\u0259liq\u0259li kabel idar\u0259si \u00fc\u00e7\u00fcn uy\u011fun<\/li>\n<\/ul>","protected":false},"excerpt":{"rendered":"<p>Tip: Kabel merdiveni Funksiya: Kabell\u0259rin da\u015f\u0131nmas\u0131 v\u0259 d\u0259st\u0259yi Qura\u015fd\u0131rma: Struktur  [&#8230;]<\/p>","protected":false},"featured_media":9847,"comment_status":"open","ping_status":"closed","template":"","meta":[],"product_brand":[],"product_cat":[290],"product_tag":[],"class_list":{"0":"post-9845","1":"product","2":"type-product","3":"status-publish","4":"has-post-thumbnail","6":"product_cat-eae-elektrik","7":"pa_mehsul-tipi-kabel-kanali-novlri","9":"first","10":"instock","11":"sold-individually","12":"shipping-taxable","13":"purchasable","14":"product-type-simple"},"_links":{"self":[{"href":"https:\/\/engitech.az\/en\/wp-json\/wp\/v2\/product\/9845","targetHints":{"allow":["GET"]}}],"collection":[{"href":"https:\/\/engitech.az\/en\/wp-json\/wp\/v2\/product"}],"about":[{"href":"https:\/\/engitech.az\/en\/wp-json\/wp\/v2\/types\/product"}],"replies":[{"embeddable":true,"href":"https:\/\/engitech.az\/en\/wp-json\/wp\/v2\/comments?post=9845"}],"wp:featuredmedia":[{"embeddable":true,"href":"https:\/\/engitech.az\/en\/wp-json\/wp\/v2\/media\/9847"}],"wp:attachment":[{"href":"https:\/\/engitech.az\/en\/wp-json\/wp\/v2\/media?parent=9845"}],"wp:term":[{"taxonomy":"product_brand","embeddable":true,"href":"https:\/\/engitech.az\/en\/wp-json\/wp\/v2\/product_brand?post=9845"},{"taxonomy":"product_cat","embeddable":true,"href":"https:\/\/engitech.az\/en\/wp-json\/wp\/v2\/product_cat?post=9845"},{"taxonomy":"product_tag","embeddable":true,"href":"https:\/\/engitech.az\/en\/wp-json\/wp\/v2\/product_tag?post=9845"}],"curies":[{"name":"wp","href":"https:\/\/api.w.org\/{rel}","templated":true}]}}