{"id":9853,"date":"2026-01-30T06:07:57","date_gmt":"2026-01-30T06:07:57","guid":{"rendered":"https:\/\/engitech.az\/?post_type=product&#038;p=9853"},"modified":"2026-01-30T06:32:06","modified_gmt":"2026-01-30T06:32:06","slug":"e-line-tls-wire-cable-channel","status":"publish","type":"product","link":"https:\/\/engitech.az\/en\/product\/e-line-tls-wire-cable-channel\/","title":{"rendered":"E-Line TLS: Wire Cable Channel"},"content":{"rendered":"<ul>\n<li data-start=\"2\" data-end=\"29\"><strong data-start=\"2\" data-end=\"10\">Type:<\/strong> Tel kabel kanal\u0131<\/li>\n<li data-start=\"32\" data-end=\"85\"><strong data-start=\"32\" data-end=\"45\">Function:<\/strong> Tel kabell\u0259rini qoruma v\u0259 y\u00f6nl\u0259ndirm\u0259<\/li>\n<li data-start=\"88\" data-end=\"129\"><strong data-start=\"88\" data-end=\"103\">Installation:<\/strong> Divar \/ struktur montaj<\/li>\n<li data-start=\"132\" data-end=\"181\"><strong data-start=\"132\" data-end=\"142\">Additional:<\/strong> S\u0259liq\u0259li kabel idar\u0259si \u00fc\u00e7\u00fcn uy\u011fun h\u0259ll<\/li>\n<\/ul>","protected":false},"excerpt":{"rendered":"<p>Tip: Tel kabel kanal\u0131 Funksiya: Tel kabell\u0259rini qoruma v\u0259 y\u00f6nl\u0259ndirm\u0259  [&#8230;]<\/p>","protected":false},"featured_media":9855,"comment_status":"open","ping_status":"closed","template":"","meta":[],"product_brand":[],"product_cat":[290],"product_tag":[],"class_list":{"0":"post-9853","1":"product","2":"type-product","3":"status-publish","4":"has-post-thumbnail","6":"product_cat-eae-elektrik","7":"pa_mehsul-tipi-kabel-kanali-novlri","9":"first","10":"instock","11":"sold-individually","12":"shipping-taxable","13":"purchasable","14":"product-type-simple"},"_links":{"self":[{"href":"https:\/\/engitech.az\/en\/wp-json\/wp\/v2\/product\/9853","targetHints":{"allow":["GET"]}}],"collection":[{"href":"https:\/\/engitech.az\/en\/wp-json\/wp\/v2\/product"}],"about":[{"href":"https:\/\/engitech.az\/en\/wp-json\/wp\/v2\/types\/product"}],"replies":[{"embeddable":true,"href":"https:\/\/engitech.az\/en\/wp-json\/wp\/v2\/comments?post=9853"}],"wp:featuredmedia":[{"embeddable":true,"href":"https:\/\/engitech.az\/en\/wp-json\/wp\/v2\/media\/9855"}],"wp:attachment":[{"href":"https:\/\/engitech.az\/en\/wp-json\/wp\/v2\/media?parent=9853"}],"wp:term":[{"taxonomy":"product_brand","embeddable":true,"href":"https:\/\/engitech.az\/en\/wp-json\/wp\/v2\/product_brand?post=9853"},{"taxonomy":"product_cat","embeddable":true,"href":"https:\/\/engitech.az\/en\/wp-json\/wp\/v2\/product_cat?post=9853"},{"taxonomy":"product_tag","embeddable":true,"href":"https:\/\/engitech.az\/en\/wp-json\/wp\/v2\/product_tag?post=9853"}],"curies":[{"name":"wp","href":"https:\/\/api.w.org\/{rel}","templated":true}]}}