{"id":9856,"date":"2026-01-30T06:10:35","date_gmt":"2026-01-30T06:10:35","guid":{"rendered":"https:\/\/engitech.az\/?post_type=product&#038;p=9856"},"modified":"2026-01-30T06:31:50","modified_gmt":"2026-01-30T06:31:50","slug":"kca-group-cable-ladders","status":"publish","type":"product","link":"https:\/\/engitech.az\/en\/product\/kca-group-cable-ladders\/","title":{"rendered":"KCA-GRP Cable Ladders"},"content":{"rendered":"<ul>\n<li data-start=\"2\" data-end=\"46\"><strong data-start=\"2\" data-end=\"10\">Type:<\/strong> Kabel merdiveni (kabel n\u0259rdivan\u0131)<\/li>\n<li data-start=\"49\" data-end=\"100\"><strong data-start=\"49\" data-end=\"62\">Function:<\/strong> Kabell\u0259rin <strong data-start=\"74\" data-end=\"98\" data-is-only-node=\"\">da\u015f\u0131nmas\u0131 v\u0259 d\u0259st\u0259yi<\/strong><\/li>\n<li data-start=\"103\" data-end=\"144\"><strong data-start=\"103\" data-end=\"118\">Installation:<\/strong> Struktur \/ divar montaj<\/li>\n<li data-start=\"147\" data-end=\"216\"><strong data-start=\"147\" data-end=\"157\">Additional:<\/strong> M\u00f6hk\u0259m, s\u0259liq\u0259li v\u0259 b\u00f6y\u00fck kabel sisteml\u0259ri \u00fc\u00e7\u00fcn ideal h\u0259ll<\/li>\n<\/ul>","protected":false},"excerpt":{"rendered":"<p>Tip: Kabel merdiveni (kabel n\u0259rdivan\u0131) Funksiya: Kabell\u0259rin da\u015f\u0131nmas\u0131 v\u0259 d\u0259st\u0259yi  [&#8230;]<\/p>","protected":false},"featured_media":9861,"comment_status":"open","ping_status":"closed","template":"","meta":[],"product_brand":[],"product_cat":[290],"product_tag":[],"class_list":{"0":"post-9856","1":"product","2":"type-product","3":"status-publish","4":"has-post-thumbnail","6":"product_cat-eae-elektrik","7":"pa_mehsul-tipi-kabel-kanali-novlri","9":"first","10":"instock","11":"sold-individually","12":"shipping-taxable","13":"purchasable","14":"product-type-simple"},"_links":{"self":[{"href":"https:\/\/engitech.az\/en\/wp-json\/wp\/v2\/product\/9856","targetHints":{"allow":["GET"]}}],"collection":[{"href":"https:\/\/engitech.az\/en\/wp-json\/wp\/v2\/product"}],"about":[{"href":"https:\/\/engitech.az\/en\/wp-json\/wp\/v2\/types\/product"}],"replies":[{"embeddable":true,"href":"https:\/\/engitech.az\/en\/wp-json\/wp\/v2\/comments?post=9856"}],"wp:featuredmedia":[{"embeddable":true,"href":"https:\/\/engitech.az\/en\/wp-json\/wp\/v2\/media\/9861"}],"wp:attachment":[{"href":"https:\/\/engitech.az\/en\/wp-json\/wp\/v2\/media?parent=9856"}],"wp:term":[{"taxonomy":"product_brand","embeddable":true,"href":"https:\/\/engitech.az\/en\/wp-json\/wp\/v2\/product_brand?post=9856"},{"taxonomy":"product_cat","embeddable":true,"href":"https:\/\/engitech.az\/en\/wp-json\/wp\/v2\/product_cat?post=9856"},{"taxonomy":"product_tag","embeddable":true,"href":"https:\/\/engitech.az\/en\/wp-json\/wp\/v2\/product_tag?post=9856"}],"curies":[{"name":"wp","href":"https:\/\/api.w.org\/{rel}","templated":true}]}}