{"id":9862,"date":"2026-01-30T06:13:22","date_gmt":"2026-01-30T06:13:22","guid":{"rendered":"https:\/\/engitech.az\/?post_type=product&#038;p=9862"},"modified":"2026-01-30T06:31:32","modified_gmt":"2026-01-30T06:31:32","slug":"kca-og-cable-ladder","status":"publish","type":"product","link":"https:\/\/engitech.az\/en\/product\/kca-og-cable-ladder\/","title":{"rendered":"KCA OG Cable Ladder"},"content":{"rendered":"<ul>\n<li data-start=\"2\" data-end=\"46\"><strong data-start=\"2\" data-end=\"10\">Type:<\/strong> Kabel merdiveni (kabel n\u0259rdivan\u0131)<\/li>\n<li data-start=\"49\" data-end=\"96\"><strong data-start=\"49\" data-end=\"62\">Function:<\/strong> Kabell\u0259rin da\u015f\u0131nmas\u0131 v\u0259 d\u0259st\u0259yi<\/li>\n<li data-start=\"99\" data-end=\"140\"><strong data-start=\"99\" data-end=\"114\">Installation:<\/strong> Struktur \/ divar montaj<\/li>\n<li data-start=\"143\" data-end=\"203\"><strong data-start=\"143\" data-end=\"153\">Additional:<\/strong> M\u00f6hk\u0259m v\u0259 s\u0259liq\u0259li kabel idar\u0259si \u00fc\u00e7\u00fcn ideal \u00e7\u00f6z\u00fcm<\/li>\n<\/ul>","protected":false},"excerpt":{"rendered":"<p>Tip: Kabel merdiveni (kabel n\u0259rdivan\u0131) Funksiya: Kabell\u0259rin da\u015f\u0131nmas\u0131 v\u0259 d\u0259st\u0259yi  [&#8230;]<\/p>","protected":false},"featured_media":9867,"comment_status":"open","ping_status":"closed","template":"","meta":[],"product_brand":[],"product_cat":[290],"product_tag":[],"class_list":{"0":"post-9862","1":"product","2":"type-product","3":"status-publish","4":"has-post-thumbnail","6":"product_cat-eae-elektrik","7":"pa_mehsul-tipi-kabel-kanali-novlri","9":"first","10":"instock","11":"sold-individually","12":"shipping-taxable","13":"purchasable","14":"product-type-simple"},"_links":{"self":[{"href":"https:\/\/engitech.az\/en\/wp-json\/wp\/v2\/product\/9862","targetHints":{"allow":["GET"]}}],"collection":[{"href":"https:\/\/engitech.az\/en\/wp-json\/wp\/v2\/product"}],"about":[{"href":"https:\/\/engitech.az\/en\/wp-json\/wp\/v2\/types\/product"}],"replies":[{"embeddable":true,"href":"https:\/\/engitech.az\/en\/wp-json\/wp\/v2\/comments?post=9862"}],"wp:featuredmedia":[{"embeddable":true,"href":"https:\/\/engitech.az\/en\/wp-json\/wp\/v2\/media\/9867"}],"wp:attachment":[{"href":"https:\/\/engitech.az\/en\/wp-json\/wp\/v2\/media?parent=9862"}],"wp:term":[{"taxonomy":"product_brand","embeddable":true,"href":"https:\/\/engitech.az\/en\/wp-json\/wp\/v2\/product_brand?post=9862"},{"taxonomy":"product_cat","embeddable":true,"href":"https:\/\/engitech.az\/en\/wp-json\/wp\/v2\/product_cat?post=9862"},{"taxonomy":"product_tag","embeddable":true,"href":"https:\/\/engitech.az\/en\/wp-json\/wp\/v2\/product_tag?post=9862"}],"curies":[{"name":"wp","href":"https:\/\/api.w.org\/{rel}","templated":true}]}}