{"id":9872,"date":"2026-01-30T06:23:11","date_gmt":"2026-01-30T06:23:11","guid":{"rendered":"https:\/\/engitech.az\/?post_type=product&#038;p=9872"},"modified":"2026-01-30T06:30:56","modified_gmt":"2026-01-30T06:30:56","slug":"mfix-electromechanical-carrier-and-suspension-systems","status":"publish","type":"product","link":"https:\/\/engitech.az\/en\/product\/mfix-electromechanical-carrier-and-suspension-systems\/","title":{"rendered":"MFIX Electromechanical Carrier and Suspension Systems"},"content":{"rendered":"<ul>\n<li data-start=\"2\" data-end=\"52\"><strong data-start=\"2\" data-end=\"10\">Type:<\/strong> Elektromexanik da\u015f\u0131y\u0131c\u0131 v\u0259 asma sistemi<\/li>\n<li data-start=\"55\" data-end=\"132\"><strong data-start=\"55\" data-end=\"68\">Function:<\/strong> Avadanl\u0131q v\u0259 komponentl\u0259rin <strong data-start=\"97\" data-end=\"130\" data-is-only-node=\"\">da\u015f\u0131y\u0131c\u0131 qurulu\u015fu v\u0259 as\u0131lmas\u0131<\/strong><\/li>\n<li data-start=\"135\" data-end=\"176\"><strong data-start=\"135\" data-end=\"150\">Installation:<\/strong> Divar \/ struktur montaj<\/li>\n<li data-start=\"179\" data-end=\"257\"><strong data-start=\"179\" data-end=\"189\">Additional:<\/strong> G\u00fccl\u00fc v\u0259 s\u0259liq\u0259li AV\/elektrik sisteml\u0259rinin montaj\u0131 \u00fc\u00e7\u00fcn uy\u011fun h\u0259ll<\/li>\n<\/ul>","protected":false},"excerpt":{"rendered":"<p>Tip: Elektromexanik da\u015f\u0131y\u0131c\u0131 v\u0259 asma sistemi Funksiya: Avadanl\u0131q v\u0259 komponentl\u0259rin  [&#8230;]<\/p>","protected":false},"featured_media":9882,"comment_status":"open","ping_status":"closed","template":"","meta":[],"product_brand":[],"product_cat":[290],"product_tag":[],"class_list":{"0":"post-9872","1":"product","2":"type-product","3":"status-publish","4":"has-post-thumbnail","6":"product_cat-eae-elektrik","7":"pa_mehsul-tipi-asma-sistemlri-novlri","9":"first","10":"instock","11":"sold-individually","12":"shipping-taxable","13":"purchasable","14":"product-type-simple"},"_links":{"self":[{"href":"https:\/\/engitech.az\/en\/wp-json\/wp\/v2\/product\/9872","targetHints":{"allow":["GET"]}}],"collection":[{"href":"https:\/\/engitech.az\/en\/wp-json\/wp\/v2\/product"}],"about":[{"href":"https:\/\/engitech.az\/en\/wp-json\/wp\/v2\/types\/product"}],"replies":[{"embeddable":true,"href":"https:\/\/engitech.az\/en\/wp-json\/wp\/v2\/comments?post=9872"}],"wp:featuredmedia":[{"embeddable":true,"href":"https:\/\/engitech.az\/en\/wp-json\/wp\/v2\/media\/9882"}],"wp:attachment":[{"href":"https:\/\/engitech.az\/en\/wp-json\/wp\/v2\/media?parent=9872"}],"wp:term":[{"taxonomy":"product_brand","embeddable":true,"href":"https:\/\/engitech.az\/en\/wp-json\/wp\/v2\/product_brand?post=9872"},{"taxonomy":"product_cat","embeddable":true,"href":"https:\/\/engitech.az\/en\/wp-json\/wp\/v2\/product_cat?post=9872"},{"taxonomy":"product_tag","embeddable":true,"href":"https:\/\/engitech.az\/en\/wp-json\/wp\/v2\/product_tag?post=9872"}],"curies":[{"name":"wp","href":"https:\/\/api.w.org\/{rel}","templated":true}]}}