{"id":9889,"date":"2026-01-30T06:28:50","date_gmt":"2026-01-30T06:28:50","guid":{"rendered":"https:\/\/engitech.az\/?post_type=product&#038;p=9889"},"modified":"2026-01-30T06:30:12","modified_gmt":"2026-01-30T06:30:12","slug":"e-line-seismic","status":"publish","type":"product","link":"https:\/\/engitech.az\/en\/product\/e-line-seismic\/","title":{"rendered":"E-Line Seismic"},"content":{"rendered":"<ul>\n<li data-start=\"2\" data-end=\"45\"><strong data-start=\"2\" data-end=\"10\">Type:<\/strong> Seysmik (z\u0259lz\u0259l\u0259) montaj d\u0259st\u0259yi<\/li>\n<li data-start=\"48\" data-end=\"141\"><strong data-start=\"48\" data-end=\"61\">Function:<\/strong> Avadanl\u0131\u011f\u0131n <strong data-start=\"74\" data-end=\"128\" data-is-only-node=\"\">z\u0259lz\u0259l\u0259 v\u0259 vibrasiya zaman\u0131 t\u0259hl\u00fck\u0259siz sabitliyini<\/strong> t\u0259min edir<\/li>\n<li data-start=\"144\" data-end=\"184\"><strong data-start=\"144\" data-end=\"159\">Installation:<\/strong> Rack \/ struktur montaj<\/li>\n<li data-start=\"187\" data-end=\"268\"><strong data-start=\"187\" data-end=\"197\">Additional:<\/strong> AV v\u0259 elektrik sisteml\u0259ri \u00fc\u00e7\u00fcn seysmik standartlara uy\u011fun montaj h\u0259lli<\/li>\n<\/ul>","protected":false},"excerpt":{"rendered":"<p>Tip: Seysmik (z\u0259lz\u0259l\u0259) montaj d\u0259st\u0259yi Funksiya: Avadanl\u0131\u011f\u0131n z\u0259lz\u0259l\u0259 v\u0259 vibrasiya  [&#8230;]<\/p>","protected":false},"featured_media":9894,"comment_status":"open","ping_status":"closed","template":"","meta":[],"product_brand":[],"product_cat":[290],"product_tag":[],"class_list":{"0":"post-9889","1":"product","2":"type-product","3":"status-publish","4":"has-post-thumbnail","6":"product_cat-eae-elektrik","7":"pa_mehsul-tipi-asma-sistemlri-novlri","9":"first","10":"instock","11":"sold-individually","12":"shipping-taxable","13":"purchasable","14":"product-type-simple"},"_links":{"self":[{"href":"https:\/\/engitech.az\/en\/wp-json\/wp\/v2\/product\/9889","targetHints":{"allow":["GET"]}}],"collection":[{"href":"https:\/\/engitech.az\/en\/wp-json\/wp\/v2\/product"}],"about":[{"href":"https:\/\/engitech.az\/en\/wp-json\/wp\/v2\/types\/product"}],"replies":[{"embeddable":true,"href":"https:\/\/engitech.az\/en\/wp-json\/wp\/v2\/comments?post=9889"}],"wp:featuredmedia":[{"embeddable":true,"href":"https:\/\/engitech.az\/en\/wp-json\/wp\/v2\/media\/9894"}],"wp:attachment":[{"href":"https:\/\/engitech.az\/en\/wp-json\/wp\/v2\/media?parent=9889"}],"wp:term":[{"taxonomy":"product_brand","embeddable":true,"href":"https:\/\/engitech.az\/en\/wp-json\/wp\/v2\/product_brand?post=9889"},{"taxonomy":"product_cat","embeddable":true,"href":"https:\/\/engitech.az\/en\/wp-json\/wp\/v2\/product_cat?post=9889"},{"taxonomy":"product_tag","embeddable":true,"href":"https:\/\/engitech.az\/en\/wp-json\/wp\/v2\/product_tag?post=9889"}],"curies":[{"name":"wp","href":"https:\/\/api.w.org\/{rel}","templated":true}]}}