{"id":9901,"date":"2026-01-30T06:46:13","date_gmt":"2026-01-30T06:46:13","guid":{"rendered":"https:\/\/engitech.az\/?post_type=product&#038;p=9901"},"modified":"2026-01-30T06:46:14","modified_gmt":"2026-01-30T06:46:14","slug":"e-line-kx-busbar","status":"publish","type":"product","link":"https:\/\/engitech.az\/en\/product\/e-line-kx-busbar\/","title":{"rendered":"E-Line KX Busbar"},"content":{"rendered":"<ul>\n<li data-start=\"2\" data-end=\"42\"><strong data-start=\"2\" data-end=\"10\">Type:<\/strong> Busbar enerji paylay\u0131c\u0131 modul<\/li>\n<li data-start=\"45\" data-end=\"102\"><strong data-start=\"45\" data-end=\"58\">Function:<\/strong> Elektrik v\u0259 siqnal x\u0259ttl\u0259rinin paylanmas\u0131<\/li>\n<li data-start=\"105\" data-end=\"149\"><strong data-start=\"105\" data-end=\"120\">Installation:<\/strong> Rack v\u0259 ya struktur montaj<\/li>\n<li data-start=\"152\" data-end=\"214\"><strong data-start=\"152\" data-end=\"162\">Additional:<\/strong> AV v\u0259 elektrik sisteml\u0259ri \u00fc\u00e7\u00fcn s\u0259liq\u0259li enerji yolu<\/li>\n<\/ul>","protected":false},"excerpt":{"rendered":"<p>Tip: Busbar enerji paylay\u0131c\u0131 modul Funksiya: Elektrik v\u0259 siqnal x\u0259ttl\u0259rinin  [&#8230;]<\/p>","protected":false},"featured_media":9911,"comment_status":"open","ping_status":"closed","template":"","meta":[],"product_brand":[],"product_cat":[290],"product_tag":[],"class_list":{"0":"post-9901","1":"product","2":"type-product","3":"status-publish","4":"has-post-thumbnail","6":"product_cat-eae-elektrik","7":"pa_mehsul-tipi-busbar-novlri","9":"first","10":"instock","11":"sold-individually","12":"shipping-taxable","13":"purchasable","14":"product-type-simple"},"_links":{"self":[{"href":"https:\/\/engitech.az\/en\/wp-json\/wp\/v2\/product\/9901","targetHints":{"allow":["GET"]}}],"collection":[{"href":"https:\/\/engitech.az\/en\/wp-json\/wp\/v2\/product"}],"about":[{"href":"https:\/\/engitech.az\/en\/wp-json\/wp\/v2\/types\/product"}],"replies":[{"embeddable":true,"href":"https:\/\/engitech.az\/en\/wp-json\/wp\/v2\/comments?post=9901"}],"wp:featuredmedia":[{"embeddable":true,"href":"https:\/\/engitech.az\/en\/wp-json\/wp\/v2\/media\/9911"}],"wp:attachment":[{"href":"https:\/\/engitech.az\/en\/wp-json\/wp\/v2\/media?parent=9901"}],"wp:term":[{"taxonomy":"product_brand","embeddable":true,"href":"https:\/\/engitech.az\/en\/wp-json\/wp\/v2\/product_brand?post=9901"},{"taxonomy":"product_cat","embeddable":true,"href":"https:\/\/engitech.az\/en\/wp-json\/wp\/v2\/product_cat?post=9901"},{"taxonomy":"product_tag","embeddable":true,"href":"https:\/\/engitech.az\/en\/wp-json\/wp\/v2\/product_tag?post=9901"}],"curies":[{"name":"wp","href":"https:\/\/api.w.org\/{rel}","templated":true}]}}