{"id":9988,"date":"2026-01-30T08:14:11","date_gmt":"2026-01-30T08:14:11","guid":{"rendered":"https:\/\/engitech.az\/?post_type=product&#038;p=9988"},"modified":"2026-01-30T08:40:13","modified_gmt":"2026-01-30T08:40:13","slug":"knx-touch-panel","status":"publish","type":"product","link":"https:\/\/engitech.az\/en\/product\/knx-touch-panel\/","title":{"rendered":"KNX Touch Panel"},"content":{"rendered":"<ul>\n<li data-start=\"2\" data-end=\"45\"><strong data-start=\"2\" data-end=\"10\">Type:<\/strong> Touch panel \/ kontrol interfeysi<\/li>\n<li data-start=\"48\" data-end=\"105\"><strong data-start=\"48\" data-end=\"61\">Function:<\/strong> KNX sisteml\u0259ri \u00fc\u00e7\u00fcn sensorlu idar\u0259 paneli<\/li>\n<li data-start=\"108\" data-end=\"146\"><strong data-start=\"108\" data-end=\"121\">Link:<\/strong> KNX avtobus interfeysi<\/li>\n<li data-start=\"149\" data-end=\"241\"><strong data-start=\"149\" data-end=\"163\">Management:<\/strong> Sensor d\u00fcym\u0259l\u0259r v\u0259 menyularla i\u015f\u0131q, klimat v\u0259 dig\u0259r komponentl\u0259ri idar\u0259etm\u0259<\/li>\n<li data-start=\"244\" data-end=\"274\"><strong data-start=\"244\" data-end=\"259\">Installation:<\/strong> Divar montaj<\/li>\n<li data-start=\"277\" data-end=\"334\"><strong data-start=\"277\" data-end=\"287\">Additional:<\/strong> Smart ev v\u0259 bina avtomatla\u015fd\u0131rma \u00fc\u00e7\u00fcn uy\u011fundur<\/li>\n<\/ul>","protected":false},"excerpt":{"rendered":"<p>Tip: Touch panel \/ kontrol interfeysi Funksiya: KNX sisteml\u0259ri \u00fc\u00e7\u00fcn  [&#8230;]<\/p>","protected":false},"featured_media":10030,"comment_status":"open","ping_status":"closed","template":"","meta":[],"product_brand":[],"product_cat":[291],"product_tag":[],"class_list":{"0":"post-9988","1":"product","2":"type-product","3":"status-publish","4":"has-post-thumbnail","6":"product_cat-eae-technology","7":"pa_mehsul-tipi-knx-touch-panel","9":"first","10":"instock","11":"sold-individually","12":"shipping-taxable","13":"purchasable","14":"product-type-simple"},"_links":{"self":[{"href":"https:\/\/engitech.az\/en\/wp-json\/wp\/v2\/product\/9988","targetHints":{"allow":["GET"]}}],"collection":[{"href":"https:\/\/engitech.az\/en\/wp-json\/wp\/v2\/product"}],"about":[{"href":"https:\/\/engitech.az\/en\/wp-json\/wp\/v2\/types\/product"}],"replies":[{"embeddable":true,"href":"https:\/\/engitech.az\/en\/wp-json\/wp\/v2\/comments?post=9988"}],"wp:featuredmedia":[{"embeddable":true,"href":"https:\/\/engitech.az\/en\/wp-json\/wp\/v2\/media\/10030"}],"wp:attachment":[{"href":"https:\/\/engitech.az\/en\/wp-json\/wp\/v2\/media?parent=9988"}],"wp:term":[{"taxonomy":"product_brand","embeddable":true,"href":"https:\/\/engitech.az\/en\/wp-json\/wp\/v2\/product_brand?post=9988"},{"taxonomy":"product_cat","embeddable":true,"href":"https:\/\/engitech.az\/en\/wp-json\/wp\/v2\/product_cat?post=9988"},{"taxonomy":"product_tag","embeddable":true,"href":"https:\/\/engitech.az\/en\/wp-json\/wp\/v2\/product_tag?post=9988"}],"curies":[{"name":"wp","href":"https:\/\/api.w.org\/{rel}","templated":true}]}}